{"id":6355,"date":"2016-01-21T10:01:49","date_gmt":"2016-01-21T10:01:49","guid":{"rendered":"http:\/\/lmg-nevroplasticienne.com\/?page_id=6355"},"modified":"2023-09-14T07:35:25","modified_gmt":"2023-09-14T07:35:25","slug":"publications","status":"publish","type":"page","link":"https:\/\/lmg-nevroplasticienne.com\/?page_id=6355","title":{"rendered":"Publications"},"content":{"rendered":"\n<p><\/p>\n\n\n\n<p><strong>2023<\/strong> Publications de dessins pour la revue \u00e9rotique <a href=\"https:\/\/www.lebateau.org\/\" data-type=\"link\" data-id=\"https:\/\/www.lebateau.org\/\">Le Bateau<\/a><\/p>\n\n\n\n<p><strong>2021\/2023<\/strong> Dessins pour la<a href=\"https:\/\/cqfd-journal.org\/\" data-type=\"link\" data-id=\"https:\/\/cqfd-journal.org\/\"> revue CQFD<\/a><\/p>\n\n\n\n<p><strong>Juin 2018<\/strong> Amer#8 Illustration, <a href=\"https:\/\/zamdatala.net\/\" data-type=\"link\" data-id=\"https:\/\/zamdatala.net\/\">Editions Les Ames d&rsquo;Atala<\/a><\/p>\n\n\n\n<p><strong>Mai 2018<\/strong> <em>FANTASMA <\/em>Illustration pour les \u00e9ditions <a href=\"http:\/\/www.joiepanique.com\/\">Joie Panique<\/a><\/p>\n\n\n\n<p><strong>Mars 2018<\/strong> <em>Vices<\/em>, Illustration pour la revue <a href=\"https:\/\/www.lebateau.org\/\">Le Bateau<\/a><\/p>\n\n\n\n<p><strong>D\u00e9cembre 2017<\/strong> Illustrations pour<a href=\"http:\/\/fanzine collectif et sex(y) \u00e9dit\u00e9 avec Sarah Fisthole\"> Peau n\u00b02<\/a><\/p>\n\n\n\n<p><strong>D\u00e9cembre 2017<\/strong> Illustrations pour <span class=\"_5yl5\"> <a href=\"https:\/\/micr0lab.org\/mu0l_0097\/\">Chambre P\u00e2le n\u00b04<\/a><\/span><\/p>\n\n\n\n<p><strong>D\u00e9cembre 2017 <\/strong><em>Botanique <\/em>Illustrations pour les \u00e9ditions <em><a href=\"http:\/\/www.joiepanique.com\/\">Joie Panique<\/a><\/em><\/p>\n\n\n\n<p><strong>Octobre 2017<\/strong> <em>Tasty<\/em> Illustration pour la revue <a href=\"https:\/\/www.lebateau.org\/shop\">Le Bateau<\/a><\/p>\n\n\n\n<p><strong>Mai 2017<\/strong> <em>FOSSE COMMUNE<\/em>, ouvrage artistique regroupant 365 dessins-\u00e9pitaphes \u00e0 la graphite r\u00e9alis\u00e9s \u00e0 partir de 365 courriers postaux testamentaires, Editions Les Ames d\u2019Atala, Lille, 2017, 400p.&nbsp; <a href=\"http:\/\/zamdatala.net\/2017\/06\/14\/fosse-commune-plan-dacces\/\">[<\/a><a href=\"http:\/\/zamdatala.net\/2017\/06\/14\/fosse-commune-plan-dacces\/\">Plan d&rsquo;acc\u00e8s]<\/a><\/p>\n\n\n\n<p><strong>A para\u00eetre<\/strong> (septembre 2018), <em>Mes petites fourrures<\/em>, ouvrage artistique, pr\u00e9fac\u00e9 par St\u00e9phane Rose, regroupant 50 dessins au sang et \u00e0 l\u2019encre noire, Paris, Editions La Musardine, 2017, 69p.<\/p>\n\n\n\n<p><strong>Novembre 2016<\/strong> <em>Les Epitaphes<\/em>, in Missile n\u00b04 \u00ab\u00a0Fant\u00f4mes\u00a0\u00bb, Editions Les T\u00eates chercheuses <a href=\"https:\/\/f.hypotheses.org\/wp-content\/blogs.dir\/956\/files\/2016\/07\/missile4_fantomes_web_page.pdf\">[En ligne].<\/a><\/p>\n\n\n\n<p><strong>Novembre 2016<\/strong>, Collaboration graphique pour la revue L&rsquo;INqualifiable sp\u00e9cial Punk, <a href=\"http:\/\/linqualifiable.com\/la-revue\/#\">[En ligne].<\/a><\/p>\n\n\n\n<p><strong>Juin 2016&nbsp;<\/strong> Article pour les \u00c9ditions Carnet d&rsquo;Art, <em>Cumulus, nimbus, cirrus, nuages 3D: La mat\u00e9rialisation d\u2019une masse intangible,<\/em> 9 juin 2016 <a href=\"http:\/\/www.carnetdart.com\/cumulus-nimbus-cirrus-nuages-3d\/\">[En ligne].<\/a><em><br>\n<\/em><\/p>\n\n\n\n<p><strong>Mai 2016&nbsp;<\/strong> Article pour les \u00c9ditions Carnet d&rsquo;Art,<em> IN MEMORIAM.&nbsp;Bic\u00e9phales, syphilitiques et tuberculeux : le Mus\u00e9e Dupuytren, entre m\u00e9moire et compassion. <\/em>4 mai 2016 <a href=\"http:\/\/www.carnetdart.com\/in-memoriam\/\">[En ligne].<\/a><\/p>\n\n\n\n<p><strong>Avril 2016 <\/strong>Article pour le magazine R\u00e9sonance Fun\u00e9raire, n\u00b0 119, Serris, Editions SLR,&nbsp; 2016, 3p. Chronique mensuelle Mort et Cr\u00e9ation : \u00ab Les teintes posthumes d&rsquo;Andres Serrano: l&rsquo;\u00e9piderme des morts\u00bb <a href=\"http:\/\/www.resonance-funeraire.com\/modules\/mod_flipbook_119\/tmpl\/book.html#p=24\">[En ligne].<\/a><\/p>\n\n\n\n<p><strong>Avril 2016 <\/strong>Article pour les \u00c9ditions Carnet d&rsquo;Art, <em>Mycophiles! La moisissure comme substrat de cr\u00e9ation<\/em>, 1er avril 2016, <a href=\"http:\/\/www.carnetdart.com\/mycophiles\/\">[En ligne].<\/a><strong><br>\n<\/strong><\/p>\n\n\n\n<p><strong>Avril 2016 <\/strong>Article pour la revue L&rsquo;INqualifiable, <em>Les Images de merde<\/em>, 1er avril 2016, <a href=\"http:\/\/fr.calameo.com\/read\/0047329139046777282e1\">[En ligne].<\/a><\/p>\n\n\n\n<p><strong>Mars 2016<\/strong> Article pour le magazine R\u00e9sonance Fun\u00e9raire, n\u00b0 118, Serris, Editions SLR,&nbsp; 2016, 3p. Chronique mensuelle Mort et Cr\u00e9ation : \u00ab Annabel de Vetten, le go\u00fbt de la mort\u00bb <a href=\"http:\/\/www.resonance-funeraire.com\/modules\/mod_flipbook_118\/tmpl\/book.html#p=22\">[En ligne].<\/a><\/p>\n\n\n\n<p><strong>Mars 2016<\/strong> Article pour les Editions Carnet d&rsquo;Art, <em>G\u00e9n\u00e9ration Post-Internet: du virtuel au r\u00e9el, entre abysses et confluents,<\/em> 8 mars 2016, <a href=\"http:\/\/www.carnetdart.com\/generation-post-internet\/\">[En ligne].<\/a><\/p>\n\n\n\n<p><strong>F\u00e9vrier 2016<\/strong> Article pour le magazine R\u00e9sonance Fun\u00e9raire, n\u00b0 117, Serris, Editions SLR,&nbsp; 2016, 2p. Chronique mensuelle Mort et Cr\u00e9ation : \u00ab Richard Laillier: La poudre des morts\u00bb <a href=\"http:\/\/www.resonance-funeraire.com\/modules\/mod_flipbook_117\/tmpl\/book.html#p=18\">[En ligne].<\/a><\/p>\n\n\n\n<p><strong>Janvier 2016<\/strong> Article pour le magazine R\u00e9sonance Fun\u00e9raire, n\u00b0 116, Serris, Editions SLR,&nbsp; 2016, 3p. Chronique mensuelle Mort et Cr\u00e9ation : \u00ab Patrik Budenz: au c\u0153ur de la morgue\u00bb <a href=\"http:\/\/www.resonance-funeraire.com\/modules\/mod_flipbook_116\/tmpl\/book.html#p=22\">[En ligne].<\/a><\/p>\n\n\n\n<p><strong>Janvier 2016<\/strong> <em>Cimeti\u00e8re Zen<\/em>, Article pour le hors-s\u00e9rie du magazine R\u00e9sonance Fun\u00e9raire, n\u00b0 2, Serris, Editions SLR,&nbsp; 2016, 2p. <a href=\"http:\/\/www.resonance-funeraire.com\/modules\/mod_flipbook_0002\/tmpl\/book.html#p=48\">[En ligne].<\/a><\/p>\n\n\n\n<p><strong>Novembre 2015<\/strong> Article pour le magazine R\u00e9sonance Fun\u00e9raire, n\u00b0 115, Serris, Editions SLR,&nbsp; 2015, 2p. Chronique mensuelle Mort et Cr\u00e9ation : \u00ab St\u00e9phane Blanquet : le croque-mort \u00bb <a href=\"http:\/\/www.resonance-funeraire.com\/modules\/mod_flipbook_115\/tmpl\/book.html#p=48\">[En ligne].<\/a><\/p>\n\n\n\n<p><strong>Octobre 2015<\/strong> Article pour le magazine R\u00e9sonance Fun\u00e9raire, n\u00b0 114, Serris, Editions SLR,&nbsp; 2015, 2p. Chronique mensuelle Mort et Cr\u00e9ation : \u00ab Andr\u00e9 Chabot : le promeneur n\u00e9cropolitain \u00bb <a href=\"http:\/\/www.resonance-funeraire.com\/modules\/mod_flipbook_114\/tmpl\/book.html#p=32\">[En ligne].<\/a><\/p>\n\n\n\n<p><strong>Septembre 2015<\/strong> Article pour le magazine R\u00e9sonance Fun\u00e9raire, n\u00b0 113, Serris, Editions SLR,&nbsp; 2015, 2p. Chronique mensuelle Mort et Cr\u00e9ation : \u00ab Sabrina Gruss, la fossoyeuse \u00bb <a href=\"http:\/\/www.resonance-funeraire.com\/modules\/mod_flipbook_113\/tmpl\/book.html#p=22\">[En ligne].<\/a><\/p>\n\n\n\n<p><strong>D\u00e9cembre 2012<\/strong> <em>La Veill\u00e9e de l\u2019huissier<\/em>,&nbsp; 14 illustrations pour la nouvelle d\u2019Edmond Picard, Lille, Editions Les Ames d\u2019Atala, 2012, 52p.<\/p>\n\n\n\n<p><strong>Mai 2012<\/strong> <em>L\u2019animal du temps<\/em>, pr\u00e9face pour le catalogue d\u2019exposition de Sabrina Gruss, Paris, Galerie B\u00e9atrice Soulli\u00e9, Editions Grandir, 2012, 2p.<\/p>\n\n\n\n<p><strong>F\u00e9vrier 2012<\/strong> <em>R\u00eaves de bromure<\/em>, pr\u00e9face pour les catalogues de diffusion du photographe Philip Bernard, Roubaix, BAR, Bureau d\u2019Art et de Recherche, 2012, 6p.<\/p>\n\n\n\n<p><strong>Janvier 2012<\/strong> <em>Erotisme de mie et frissons sous cloches<\/em>, postface pour le catalogue d\u2019exposition de P\u00e9tra Werl\u00e9, Paris, Galerie B\u00e9atrice Soulli\u00e9, 2012, 2 p.<\/p>\n\n\n\n<p><strong>Octobre 2011<\/strong> <em>Crossroads, \u00e0 la crois\u00e9e des chemins : terres nourrici\u00e8res et cr\u00e9ateurs d\u2019itin\u00e9rances<\/em>, pr\u00e9face pour le catalogue Crossroads de Dany Leriche &amp; Jean-Michel-Fickinger, texte cit\u00e9 dans <em>L\u2019\u0152il de la photographie<\/em>, juin 2015, 6p.<\/p>\n","protected":false},"excerpt":{"rendered":"<p>2023 Publications de dessins pour la revue \u00e9rotique Le Bateau 2021\/2023 Dessins pour la revue CQFD Juin 2018 Amer#8 Illustration, Editions Les Ames d&rsquo;Atala Mai 2018 FANTASMA Illustration pour les \u00e9ditions Joie Panique Mars 2018 Vices, Illustration pour la revue &hellip; <a href=\"https:\/\/lmg-nevroplasticienne.com\/?page_id=6355\">Continuer la lecture <span class=\"meta-nav\">&rarr;<\/span><\/a><\/p>\n","protected":false},"author":1,"featured_media":0,"parent":0,"menu_order":0,"comment_status":"closed","ping_status":"open","template":"","meta":{"footnotes":""},"class_list":["post-6355","page","type-page","status-publish","hentry"],"_links":{"self":[{"href":"https:\/\/lmg-nevroplasticienne.com\/index.php?rest_route=\/wp\/v2\/pages\/6355","targetHints":{"allow":["GET"]}}],"collection":[{"href":"https:\/\/lmg-nevroplasticienne.com\/index.php?rest_route=\/wp\/v2\/pages"}],"about":[{"href":"https:\/\/lmg-nevroplasticienne.com\/index.php?rest_route=\/wp\/v2\/types\/page"}],"author":[{"embeddable":true,"href":"https:\/\/lmg-nevroplasticienne.com\/index.php?rest_route=\/wp\/v2\/users\/1"}],"replies":[{"embeddable":true,"href":"https:\/\/lmg-nevroplasticienne.com\/index.php?rest_route=%2Fwp%2Fv2%2Fcomments&post=6355"}],"version-history":[{"count":38,"href":"https:\/\/lmg-nevroplasticienne.com\/index.php?rest_route=\/wp\/v2\/pages\/6355\/revisions"}],"predecessor-version":[{"id":7124,"href":"https:\/\/lmg-nevroplasticienne.com\/index.php?rest_route=\/wp\/v2\/pages\/6355\/revisions\/7124"}],"wp:attachment":[{"href":"https:\/\/lmg-nevroplasticienne.com\/index.php?rest_route=%2Fwp%2Fv2%2Fmedia&parent=6355"}],"curies":[{"name":"wp","href":"https:\/\/api.w.org\/{rel}","templated":true}]}}