{"id":6278,"date":"2015-10-04T06:41:17","date_gmt":"2015-10-04T06:41:17","guid":{"rendered":"http:\/\/lmg-nevroplasticienne.com\/?page_id=6278"},"modified":"2015-10-04T07:01:42","modified_gmt":"2015-10-04T07:01:42","slug":"dechirures","status":"publish","type":"page","link":"https:\/\/lmg-nevroplasticienne.com\/?page_id=6278","title":{"rendered":"Les D\u00e9chirures"},"content":{"rendered":"<p style=\"text-align: justify;\"><a href=\"https:\/\/lmg-nevroplasticienne.com\/wp-content\/uploads\/2015\/10\/LMG-Dechirures.jpg\"><img loading=\"lazy\" decoding=\"async\" class=\"alignleft wp-image-6281 size-full\" src=\"https:\/\/lmg-nevroplasticienne.com\/wp-content\/uploads\/2015\/10\/LMG-Dechirures.jpg\" alt=\"LMG-Dechirures\" width=\"400\" height=\"400\" srcset=\"https:\/\/lmg-nevroplasticienne.com\/wp-content\/uploads\/2015\/10\/LMG-Dechirures.jpg 400w, https:\/\/lmg-nevroplasticienne.com\/wp-content\/uploads\/2015\/10\/LMG-Dechirures-150x150.jpg 150w, https:\/\/lmg-nevroplasticienne.com\/wp-content\/uploads\/2015\/10\/LMG-Dechirures-300x300.jpg 300w\" sizes=\"auto, (max-width: 400px) 100vw, 400px\" \/><\/a>Une agression physique, si br\u00e8ve soit-elle, est d&rsquo;abord une d\u00e9chirure et un temps suspendu\u00a0: alors que pour l&rsquo;entourage le monde a continu\u00e9 comme si de rien n&rsquo;\u00e9tait, la terre s&rsquo;est arr\u00eat\u00e9e de tourner pour les victimes. Le viol n\u2019est pas du tout un ph\u00e9nom\u00e8ne marginal et au moins 75 000 femmes sont viol\u00e9es chaque ann\u00e9e en France. Cela correspond \u00e0 1 viol toutes les 7 minutes. Autour de nous, parmi nos coll\u00e8gues, connaissances ou camarades, 1 femme sur 10 a subi un viol ou le subira au cours de sa vie. Les victimes de viol sont tr\u00e8s souvent culpabilis\u00e9es ou ressentent de la honte. Ainsi se constitue le tabou&#8230; Face \u00e0 cette inversion des responsabilit\u00e9s LMG a initi\u00e9 le projet <em>Les D\u00e9chirures<\/em> qui consiste \u00e0 cr\u00e9er \u00e0 partir de confidences sur le sujet. Par courriers postaux, des victimes se confient \u00e0 LMG tout en d\u00e9finissant la tonalit\u00e9 chromatique de ce qu\u2019elles ont endur\u00e9. Ainsi, en transformant des confidences textuelles en cr\u00e9ations bidimensionnelles, LMG fa\u00e7onne collectivement un espace de transformation et de cicatrisation.<\/p>\n<p style=\"text-align: justify;\"><a href=\"https:\/\/lmg-nevroplasticienne.com\/wp-content\/uploads\/2015\/10\/lesdechirures.jpg\">Consulter l&rsquo;appel \u00e0 contribution LES DECHIRURES<\/a><\/p>\n<div class=\"category-thumbnail-list\">\n<div class=\"category-thumbnail-list-item\"><a href=\"https:\/\/lmg-nevroplasticienne.com\/?p=6569\" title=\"Les D\u00e9chirures #2\"><img loading=\"lazy\" decoding=\"async\" width=\"100\" height=\"150\" src=\"https:\/\/lmg-nevroplasticienne.com\/wp-content\/uploads\/2016\/08\/lmg-dechirures-100x150.jpg\" class=\"attachment-thumbnail size-thumbnail wp-post-image\" alt=\"\" srcset=\"https:\/\/lmg-nevroplasticienne.com\/wp-content\/uploads\/2016\/08\/lmg-dechirures-100x150.jpg 100w, https:\/\/lmg-nevroplasticienne.com\/wp-content\/uploads\/2016\/08\/lmg-dechirures-200x300.jpg 200w, https:\/\/lmg-nevroplasticienne.com\/wp-content\/uploads\/2016\/08\/lmg-dechirures-684x1024.jpg 684w, https:\/\/lmg-nevroplasticienne.com\/wp-content\/uploads\/2016\/08\/lmg-dechirures-e1496174426539.jpg 425w\" sizes=\"auto, (max-width: 100px) 100vw, 100px\" \/>Les D\u00e9chirures #2<\/a><\/div>\n<div class=\"category-thumbnail-list-item\"><a href=\"https:\/\/lmg-nevroplasticienne.com\/?p=6342\" title=\"Les D\u00e9chirures #1\"><img loading=\"lazy\" decoding=\"async\" width=\"97\" height=\"150\" src=\"https:\/\/lmg-nevroplasticienne.com\/wp-content\/uploads\/2015\/12\/12-97x150.jpg\" class=\"attachment-thumbnail size-thumbnail wp-post-image\" alt=\"\" srcset=\"https:\/\/lmg-nevroplasticienne.com\/wp-content\/uploads\/2015\/12\/12-97x150.jpg 97w, https:\/\/lmg-nevroplasticienne.com\/wp-content\/uploads\/2015\/12\/12-195x300.jpg 195w, https:\/\/lmg-nevroplasticienne.com\/wp-content\/uploads\/2015\/12\/12.jpg 425w\" sizes=\"auto, (max-width: 97px) 100vw, 97px\" \/>Les D\u00e9chirures #1<\/a><\/div>\n<\/div>\n","protected":false},"excerpt":{"rendered":"<p>Une agression physique, si br\u00e8ve soit-elle, est d&rsquo;abord une d\u00e9chirure et un temps suspendu\u00a0: alors que pour l&rsquo;entourage le monde a continu\u00e9 comme si de rien n&rsquo;\u00e9tait, la terre s&rsquo;est arr\u00eat\u00e9e de tourner pour les victimes. Le viol n\u2019est pas &hellip; <a href=\"https:\/\/lmg-nevroplasticienne.com\/?page_id=6278\">Continuer la lecture <span class=\"meta-nav\">&rarr;<\/span><\/a><\/p>\n","protected":false},"author":1,"featured_media":0,"parent":0,"menu_order":0,"comment_status":"closed","ping_status":"open","template":"","meta":{"footnotes":""},"class_list":["post-6278","page","type-page","status-publish","hentry"],"_links":{"self":[{"href":"https:\/\/lmg-nevroplasticienne.com\/index.php?rest_route=\/wp\/v2\/pages\/6278","targetHints":{"allow":["GET"]}}],"collection":[{"href":"https:\/\/lmg-nevroplasticienne.com\/index.php?rest_route=\/wp\/v2\/pages"}],"about":[{"href":"https:\/\/lmg-nevroplasticienne.com\/index.php?rest_route=\/wp\/v2\/types\/page"}],"author":[{"embeddable":true,"href":"https:\/\/lmg-nevroplasticienne.com\/index.php?rest_route=\/wp\/v2\/users\/1"}],"replies":[{"embeddable":true,"href":"https:\/\/lmg-nevroplasticienne.com\/index.php?rest_route=%2Fwp%2Fv2%2Fcomments&post=6278"}],"version-history":[{"count":10,"href":"https:\/\/lmg-nevroplasticienne.com\/index.php?rest_route=\/wp\/v2\/pages\/6278\/revisions"}],"predecessor-version":[{"id":6290,"href":"https:\/\/lmg-nevroplasticienne.com\/index.php?rest_route=\/wp\/v2\/pages\/6278\/revisions\/6290"}],"wp:attachment":[{"href":"https:\/\/lmg-nevroplasticienne.com\/index.php?rest_route=%2Fwp%2Fv2%2Fmedia&parent=6278"}],"curies":[{"name":"wp","href":"https:\/\/api.w.org\/{rel}","templated":true}]}}