{"id":6276,"date":"2015-10-04T06:39:52","date_gmt":"2015-10-04T06:39:52","guid":{"rendered":"http:\/\/lmg-nevroplasticienne.com\/?page_id=6276"},"modified":"2016-06-29T18:50:23","modified_gmt":"2016-06-29T18:50:23","slug":"traitre","status":"publish","type":"page","link":"https:\/\/lmg-nevroplasticienne.com\/?page_id=6276","title":{"rendered":"Traitre"},"content":{"rendered":"<p style=\"text-align: justify;\"><a href=\"https:\/\/lmg-nevroplasticienne.com\/wp-content\/uploads\/2015\/10\/LMG.Traitre1.jpg\"><img loading=\"lazy\" decoding=\"async\" class=\"alignleft wp-image-6393 size-full\" src=\"https:\/\/lmg-nevroplasticienne.com\/wp-content\/uploads\/2015\/10\/LMG.Traitre1.jpg\" alt=\"\" width=\"400\" height=\"400\" srcset=\"https:\/\/lmg-nevroplasticienne.com\/wp-content\/uploads\/2015\/10\/LMG.Traitre1.jpg 400w, https:\/\/lmg-nevroplasticienne.com\/wp-content\/uploads\/2015\/10\/LMG.Traitre1-150x150.jpg 150w, https:\/\/lmg-nevroplasticienne.com\/wp-content\/uploads\/2015\/10\/LMG.Traitre1-300x300.jpg 300w\" sizes=\"auto, (max-width: 400px) 100vw, 400px\" \/><\/a>Poursuivant sa recherche consistant \u00e0 cr\u00e9er des passerelles entre les individus et des liens entre diff\u00e9rentes pratiques artistiques, LMG s\u2019est consacr\u00e9e \u00e0 la mise en images de la musique de Traitre, groupe tendance Punk\/Oi\u00a0! de Lille dont les textes font \u00e9cho au ciel bas du Nord de la France. Entre finitude, solitude, bruine glac\u00e9e, ennui, suicides et h\u00f4pitaux psychiatriques, les quatre musiciens et le chanteur de Traitre abordent des th\u00e9matiques sombres qui sentent le v\u00e9cu. Leurs concerts n\u2019en sont pas moins festifs et (tr\u00e8s) arros\u00e9s. Influenc\u00e9 entre-autres par <em>Cam\u00e9ra Silens<\/em>, Traitre s\u2019appr\u00e9hende comme un cri, un r\u00e2le, tout \u00e0 la fois charg\u00e9 de haine, de d\u00e9pit et d\u2019amour. Pour leur dernier maxi 45 tours <em>Dors bien<\/em>, LMG a r\u00e9alis\u00e9 plusieurs dessins au criterium et \u00e0 la poudre de graphite sur diff\u00e9rents contrecoll\u00e9s blancs. Le dernier LP de Traitre est disponible chez LADA, division sonore des <a href=\"http:\/\/zamdatala.net\/\">Ames d&rsquo;Atala<\/a>, et t\u00e9l\u00e9chargeable <a href=\"https:\/\/traitre.bandcamp.com\/album\/dors-bien\">ici<\/a><\/p>\n<div class=\"category-thumbnail-list\">\n<div class=\"category-thumbnail-list-item\"><a href=\"https:\/\/lmg-nevroplasticienne.com\/?p=6421\" title=\"Traitre #8\"><img loading=\"lazy\" decoding=\"async\" width=\"150\" height=\"150\" src=\"https:\/\/lmg-nevroplasticienne.com\/wp-content\/uploads\/2016\/03\/LMG-8-150x150.jpg\" class=\"attachment-thumbnail size-thumbnail wp-post-image\" alt=\"\" srcset=\"https:\/\/lmg-nevroplasticienne.com\/wp-content\/uploads\/2016\/03\/LMG-8-150x150.jpg 150w, https:\/\/lmg-nevroplasticienne.com\/wp-content\/uploads\/2016\/03\/LMG-8-300x300.jpg 300w, https:\/\/lmg-nevroplasticienne.com\/wp-content\/uploads\/2016\/03\/LMG-8.jpg 500w\" sizes=\"auto, (max-width: 150px) 100vw, 150px\" \/>Traitre #8<\/a><\/div>\n<div class=\"category-thumbnail-list-item\"><a href=\"https:\/\/lmg-nevroplasticienne.com\/?p=6415\" title=\"Traitre #7\"><img loading=\"lazy\" decoding=\"async\" width=\"150\" height=\"150\" src=\"https:\/\/lmg-nevroplasticienne.com\/wp-content\/uploads\/2016\/03\/LMG-71-150x150.jpg\" class=\"attachment-thumbnail size-thumbnail wp-post-image\" alt=\"\" srcset=\"https:\/\/lmg-nevroplasticienne.com\/wp-content\/uploads\/2016\/03\/LMG-71-150x150.jpg 150w, https:\/\/lmg-nevroplasticienne.com\/wp-content\/uploads\/2016\/03\/LMG-71-300x300.jpg 300w, https:\/\/lmg-nevroplasticienne.com\/wp-content\/uploads\/2016\/03\/LMG-71.jpg 500w\" sizes=\"auto, (max-width: 150px) 100vw, 150px\" \/>Traitre #7<\/a><\/div>\n<div class=\"category-thumbnail-list-item\"><a href=\"https:\/\/lmg-nevroplasticienne.com\/?p=6412\" title=\"Traitre #6\"><img loading=\"lazy\" decoding=\"async\" width=\"150\" height=\"150\" src=\"https:\/\/lmg-nevroplasticienne.com\/wp-content\/uploads\/2016\/03\/LMG-62-150x150.jpg\" class=\"attachment-thumbnail size-thumbnail wp-post-image\" alt=\"\" srcset=\"https:\/\/lmg-nevroplasticienne.com\/wp-content\/uploads\/2016\/03\/LMG-62-150x150.jpg 150w, https:\/\/lmg-nevroplasticienne.com\/wp-content\/uploads\/2016\/03\/LMG-62-300x300.jpg 300w, https:\/\/lmg-nevroplasticienne.com\/wp-content\/uploads\/2016\/03\/LMG-62.jpg 483w\" sizes=\"auto, (max-width: 150px) 100vw, 150px\" \/>Traitre #6<\/a><\/div>\n<div class=\"category-thumbnail-list-item\"><a href=\"https:\/\/lmg-nevroplasticienne.com\/?p=6409\" title=\"Traitre #5\"><img loading=\"lazy\" decoding=\"async\" width=\"150\" height=\"150\" src=\"https:\/\/lmg-nevroplasticienne.com\/wp-content\/uploads\/2016\/03\/LMG-51-150x150.jpg\" class=\"attachment-thumbnail size-thumbnail wp-post-image\" alt=\"\" srcset=\"https:\/\/lmg-nevroplasticienne.com\/wp-content\/uploads\/2016\/03\/LMG-51-150x150.jpg 150w, https:\/\/lmg-nevroplasticienne.com\/wp-content\/uploads\/2016\/03\/LMG-51-300x300.jpg 300w, https:\/\/lmg-nevroplasticienne.com\/wp-content\/uploads\/2016\/03\/LMG-51.jpg 818w\" sizes=\"auto, (max-width: 150px) 100vw, 150px\" \/>Traitre #5<\/a><\/div>\n<div class=\"category-thumbnail-list-item\"><a href=\"https:\/\/lmg-nevroplasticienne.com\/?p=6432\" title=\".\"><img loading=\"lazy\" decoding=\"async\" width=\"150\" height=\"145\" src=\"https:\/\/lmg-nevroplasticienne.com\/wp-content\/uploads\/2016\/03\/LMG-150x145.jpg\" class=\"attachment-thumbnail size-thumbnail wp-post-image\" alt=\"\" srcset=\"https:\/\/lmg-nevroplasticienne.com\/wp-content\/uploads\/2016\/03\/LMG-150x145.jpg 150w, https:\/\/lmg-nevroplasticienne.com\/wp-content\/uploads\/2016\/03\/LMG.jpg 154w\" sizes=\"auto, (max-width: 150px) 100vw, 150px\" \/>.<\/a><\/div>\n<div class=\"category-thumbnail-list-item\"><a href=\"https:\/\/lmg-nevroplasticienne.com\/?p=6406\" title=\"Traitre #4\"><img loading=\"lazy\" decoding=\"async\" width=\"150\" height=\"150\" src=\"https:\/\/lmg-nevroplasticienne.com\/wp-content\/uploads\/2016\/03\/LMG-41-150x150.jpg\" class=\"attachment-thumbnail size-thumbnail wp-post-image\" alt=\"\" srcset=\"https:\/\/lmg-nevroplasticienne.com\/wp-content\/uploads\/2016\/03\/LMG-41-150x150.jpg 150w, https:\/\/lmg-nevroplasticienne.com\/wp-content\/uploads\/2016\/03\/LMG-41-300x300.jpg 300w, https:\/\/lmg-nevroplasticienne.com\/wp-content\/uploads\/2016\/03\/LMG-41.jpg 567w\" sizes=\"auto, (max-width: 150px) 100vw, 150px\" \/>Traitre #4<\/a><\/div>\n<div class=\"category-thumbnail-list-item\"><a href=\"https:\/\/lmg-nevroplasticienne.com\/?p=6403\" title=\"Traitre #3\"><img loading=\"lazy\" decoding=\"async\" width=\"150\" height=\"150\" src=\"https:\/\/lmg-nevroplasticienne.com\/wp-content\/uploads\/2016\/03\/LMG-3-150x150.jpg\" class=\"attachment-thumbnail size-thumbnail wp-post-image\" alt=\"\" srcset=\"https:\/\/lmg-nevroplasticienne.com\/wp-content\/uploads\/2016\/03\/LMG-3-150x150.jpg 150w, https:\/\/lmg-nevroplasticienne.com\/wp-content\/uploads\/2016\/03\/LMG-3-300x300.jpg 300w, https:\/\/lmg-nevroplasticienne.com\/wp-content\/uploads\/2016\/03\/LMG-3-299x300.jpg 299w, https:\/\/lmg-nevroplasticienne.com\/wp-content\/uploads\/2016\/03\/LMG-3.jpg 500w\" sizes=\"auto, (max-width: 150px) 100vw, 150px\" \/>Traitre #3<\/a><\/div>\n<div class=\"category-thumbnail-list-item\"><a href=\"https:\/\/lmg-nevroplasticienne.com\/?p=6400\" title=\"Traitre #2\"><img loading=\"lazy\" decoding=\"async\" width=\"150\" height=\"150\" src=\"https:\/\/lmg-nevroplasticienne.com\/wp-content\/uploads\/2016\/03\/LMG-2-150x150.jpg\" class=\"attachment-thumbnail size-thumbnail wp-post-image\" alt=\"\" srcset=\"https:\/\/lmg-nevroplasticienne.com\/wp-content\/uploads\/2016\/03\/LMG-2-150x150.jpg 150w, https:\/\/lmg-nevroplasticienne.com\/wp-content\/uploads\/2016\/03\/LMG-2-300x300.jpg 300w, https:\/\/lmg-nevroplasticienne.com\/wp-content\/uploads\/2016\/03\/LMG-2.jpg 500w\" sizes=\"auto, (max-width: 150px) 100vw, 150px\" \/>Traitre #2<\/a><\/div>\n<div class=\"category-thumbnail-list-item\"><a href=\"https:\/\/lmg-nevroplasticienne.com\/?p=6397\" title=\"Traitre #1\"><img loading=\"lazy\" decoding=\"async\" width=\"150\" height=\"150\" src=\"https:\/\/lmg-nevroplasticienne.com\/wp-content\/uploads\/2015\/10\/LMG.Traitre-150x150.jpg\" class=\"attachment-thumbnail size-thumbnail wp-post-image\" alt=\"\" srcset=\"https:\/\/lmg-nevroplasticienne.com\/wp-content\/uploads\/2015\/10\/LMG.Traitre-150x150.jpg 150w, https:\/\/lmg-nevroplasticienne.com\/wp-content\/uploads\/2015\/10\/LMG.Traitre-300x300.jpg 300w, https:\/\/lmg-nevroplasticienne.com\/wp-content\/uploads\/2015\/10\/LMG.Traitre.jpg 400w\" sizes=\"auto, (max-width: 150px) 100vw, 150px\" \/>Traitre #1<\/a><\/div>\n<\/div>\n","protected":false},"excerpt":{"rendered":"<p>Poursuivant sa recherche consistant \u00e0 cr\u00e9er des passerelles entre les individus et des liens entre diff\u00e9rentes pratiques artistiques, LMG s\u2019est consacr\u00e9e \u00e0 la mise en images de la musique de Traitre, groupe tendance Punk\/Oi\u00a0! de Lille dont les textes font &hellip; <a href=\"https:\/\/lmg-nevroplasticienne.com\/?page_id=6276\">Continuer la lecture <span class=\"meta-nav\">&rarr;<\/span><\/a><\/p>\n","protected":false},"author":1,"featured_media":0,"parent":0,"menu_order":0,"comment_status":"closed","ping_status":"open","template":"","meta":{"footnotes":""},"class_list":["post-6276","page","type-page","status-publish","hentry"],"_links":{"self":[{"href":"https:\/\/lmg-nevroplasticienne.com\/index.php?rest_route=\/wp\/v2\/pages\/6276","targetHints":{"allow":["GET"]}}],"collection":[{"href":"https:\/\/lmg-nevroplasticienne.com\/index.php?rest_route=\/wp\/v2\/pages"}],"about":[{"href":"https:\/\/lmg-nevroplasticienne.com\/index.php?rest_route=\/wp\/v2\/types\/page"}],"author":[{"embeddable":true,"href":"https:\/\/lmg-nevroplasticienne.com\/index.php?rest_route=\/wp\/v2\/users\/1"}],"replies":[{"embeddable":true,"href":"https:\/\/lmg-nevroplasticienne.com\/index.php?rest_route=%2Fwp%2Fv2%2Fcomments&post=6276"}],"version-history":[{"count":15,"href":"https:\/\/lmg-nevroplasticienne.com\/index.php?rest_route=\/wp\/v2\/pages\/6276\/revisions"}],"predecessor-version":[{"id":6519,"href":"https:\/\/lmg-nevroplasticienne.com\/index.php?rest_route=\/wp\/v2\/pages\/6276\/revisions\/6519"}],"wp:attachment":[{"href":"https:\/\/lmg-nevroplasticienne.com\/index.php?rest_route=%2Fwp%2Fv2%2Fmedia&parent=6276"}],"curies":[{"name":"wp","href":"https:\/\/api.w.org\/{rel}","templated":true}]}}