{"id":5751,"date":"2015-03-02T15:44:12","date_gmt":"2015-03-02T15:44:12","guid":{"rendered":"http:\/\/lmg-nevroplasticienne.com\/?page_id=5751"},"modified":"2015-06-18T18:46:36","modified_gmt":"2015-06-18T18:46:36","slug":"les-images-de-merde","status":"publish","type":"page","link":"https:\/\/lmg-nevroplasticienne.com\/?page_id=5751","title":{"rendered":"Les images de merde"},"content":{"rendered":"<p style=\"text-align: justify;\"><a href=\"https:\/\/lmg-nevroplasticienne.com\/?attachment_id=5760\" rel=\"attachment wp-att-5760\"><img loading=\"lazy\" decoding=\"async\" class=\"alignleft size-full wp-image-5760\" title=\"UDApalette\" src=\"https:\/\/lmg-nevroplasticienne.com\/wp-content\/uploads\/2015\/03\/UDApalette.jpg\" alt=\"\" width=\"400\" height=\"400\" srcset=\"https:\/\/lmg-nevroplasticienne.com\/wp-content\/uploads\/2015\/03\/UDApalette.jpg 400w, https:\/\/lmg-nevroplasticienne.com\/wp-content\/uploads\/2015\/03\/UDApalette-150x150.jpg 150w, https:\/\/lmg-nevroplasticienne.com\/wp-content\/uploads\/2015\/03\/UDApalette-300x300.jpg 300w\" sizes=\"auto, (max-width: 400px) 100vw, 400px\" \/><\/a>Entre Manzoni et sa <em>Merde d\u2019artiste<\/em> en conserve, la <em>Cloaca<\/em> de Wim Delvoye capable de reconstituer des \u00e9trons humains, les peintures f\u00e9cales de Jacques Liz\u00e8ne, les \u0153uvres \u00e9ph\u00e9m\u00e8res de la Sprinkle Brigade cr\u00e9\u00e9es \u00e0 partir de d\u00e9jections canines, ou les autoportraits de David Nebreda recouvert de sa propre merde, les incursions f\u00e9cales dans le domaine artistique sont bien plus nombreuses qu\u2019on ne l\u2019imagine. En 2015, LMG rejoint la maison d\u2019\u00e9dition <a title=\"UDA\" href=\"http:\/\/www.uniteddeadartists.com\/\"><strong>United Dead Artists<\/strong><\/a> et initie pour l\u2019occasion une s\u00e9rie intitul\u00e9e <em>Les images de merde<\/em>, qu\u2019elle r\u00e9alise \u00e0 partir d\u2019\u00e9chantillons de ses propres selles, pr\u00e9lev\u00e9s et conserv\u00e9s en fonction de leurs teintes et textures. Dans chaque image LMG repr\u00e9sente un fragment de corps humain associ\u00e9 \u00e0 un animal coprophage\u00a0: mouche, cafard, bousier, papillon, larve, lombric, escargot&#8230; Ainsi, cette nouvelle d\u00e9marche qui peut de prime abord sembler repoussante, impure ou sale, questionne en fait\u00a0 les m\u00e9andres, les cycles du processus cr\u00e9atif, et rend hommage \u00e0 Artaud\u00a0: \u00ab\u00a0l\u00e0 o\u00f9 \u00e7a sent la merde, \u00e7a sent l\u2019\u00eatre\u00a0\u00bb.<\/p>\n<p style=\"text-align: justify;\"><a href=\"http:\/\/sexes.blogs.liberation.fr\/2015\/06\/16\/matiere-premiere-de-lor-entre-les-fesses\/\">Lire l&rsquo;article d&rsquo;Agn\u00e8s Giard dans Lib\u00e9ration<\/a><\/p>\n<div class=\"category-thumbnail-list\">\n<div class=\"category-thumbnail-list-item\"><a href=\"https:\/\/lmg-nevroplasticienne.com\/?p=6523\" title=\"LIDM#29\"><img loading=\"lazy\" decoding=\"async\" width=\"113\" height=\"150\" src=\"https:\/\/lmg-nevroplasticienne.com\/wp-content\/uploads\/2016\/04\/UDA.26-113x150.jpg\" class=\"attachment-thumbnail size-thumbnail wp-post-image\" alt=\"\" srcset=\"https:\/\/lmg-nevroplasticienne.com\/wp-content\/uploads\/2016\/04\/UDA.26-113x150.jpg 113w, https:\/\/lmg-nevroplasticienne.com\/wp-content\/uploads\/2016\/04\/UDA.26-225x300.jpg 225w, https:\/\/lmg-nevroplasticienne.com\/wp-content\/uploads\/2016\/04\/UDA.26-768x1024.jpg 768w, https:\/\/lmg-nevroplasticienne.com\/wp-content\/uploads\/2016\/04\/UDA.26.jpg 1205w\" sizes=\"auto, (max-width: 113px) 100vw, 113px\" \/>LIDM#29<\/a><\/div>\n<div class=\"category-thumbnail-list-item\"><a href=\"https:\/\/lmg-nevroplasticienne.com\/?p=6520\" title=\"LIDM#28\"><img loading=\"lazy\" decoding=\"async\" width=\"113\" height=\"150\" src=\"https:\/\/lmg-nevroplasticienne.com\/wp-content\/uploads\/2016\/07\/UDA.28-113x150.jpg\" class=\"attachment-thumbnail size-thumbnail wp-post-image\" alt=\"\" srcset=\"https:\/\/lmg-nevroplasticienne.com\/wp-content\/uploads\/2016\/07\/UDA.28-113x150.jpg 113w, https:\/\/lmg-nevroplasticienne.com\/wp-content\/uploads\/2016\/07\/UDA.28-225x300.jpg 225w, https:\/\/lmg-nevroplasticienne.com\/wp-content\/uploads\/2016\/07\/UDA.28-768x1024.jpg 768w, https:\/\/lmg-nevroplasticienne.com\/wp-content\/uploads\/2016\/07\/UDA.28.jpg 1205w\" sizes=\"auto, (max-width: 113px) 100vw, 113px\" \/>LIDM#28<\/a><\/div>\n<div class=\"category-thumbnail-list-item\"><a href=\"https:\/\/lmg-nevroplasticienne.com\/?p=6508\" title=\"LIDM#27\"><img loading=\"lazy\" decoding=\"async\" width=\"113\" height=\"150\" src=\"https:\/\/lmg-nevroplasticienne.com\/wp-content\/uploads\/2016\/04\/UDA.27-113x150.jpg\" class=\"attachment-thumbnail size-thumbnail wp-post-image\" alt=\"\" srcset=\"https:\/\/lmg-nevroplasticienne.com\/wp-content\/uploads\/2016\/04\/UDA.27-113x150.jpg 113w, https:\/\/lmg-nevroplasticienne.com\/wp-content\/uploads\/2016\/04\/UDA.27-225x300.jpg 225w, https:\/\/lmg-nevroplasticienne.com\/wp-content\/uploads\/2016\/04\/UDA.27-768x1024.jpg 768w, https:\/\/lmg-nevroplasticienne.com\/wp-content\/uploads\/2016\/04\/UDA.27.jpg 1205w\" sizes=\"auto, (max-width: 113px) 100vw, 113px\" \/>LIDM#27<\/a><\/div>\n<div class=\"category-thumbnail-list-item\"><a href=\"https:\/\/lmg-nevroplasticienne.com\/?p=6502\" title=\"LIDM#26\"><img loading=\"lazy\" decoding=\"async\" width=\"113\" height=\"150\" src=\"https:\/\/lmg-nevroplasticienne.com\/wp-content\/uploads\/2016\/07\/UDA.29-113x150.jpg\" class=\"attachment-thumbnail size-thumbnail wp-post-image\" alt=\"\" srcset=\"https:\/\/lmg-nevroplasticienne.com\/wp-content\/uploads\/2016\/07\/UDA.29-113x150.jpg 113w, https:\/\/lmg-nevroplasticienne.com\/wp-content\/uploads\/2016\/07\/UDA.29-225x300.jpg 225w, https:\/\/lmg-nevroplasticienne.com\/wp-content\/uploads\/2016\/07\/UDA.29-768x1024.jpg 768w, https:\/\/lmg-nevroplasticienne.com\/wp-content\/uploads\/2016\/07\/UDA.29.jpg 1205w\" sizes=\"auto, (max-width: 113px) 100vw, 113px\" \/>LIDM#26<\/a><\/div>\n<div class=\"category-thumbnail-list-item\"><a href=\"https:\/\/lmg-nevroplasticienne.com\/?p=6499\" title=\"LIDM#25\"><img loading=\"lazy\" decoding=\"async\" width=\"113\" height=\"150\" src=\"https:\/\/lmg-nevroplasticienne.com\/wp-content\/uploads\/2016\/04\/UDA.25-113x150.jpg\" class=\"attachment-thumbnail size-thumbnail wp-post-image\" alt=\"\" srcset=\"https:\/\/lmg-nevroplasticienne.com\/wp-content\/uploads\/2016\/04\/UDA.25-113x150.jpg 113w, https:\/\/lmg-nevroplasticienne.com\/wp-content\/uploads\/2016\/04\/UDA.25-225x300.jpg 225w, https:\/\/lmg-nevroplasticienne.com\/wp-content\/uploads\/2016\/04\/UDA.25-768x1024.jpg 768w, https:\/\/lmg-nevroplasticienne.com\/wp-content\/uploads\/2016\/04\/UDA.25.jpg 1205w\" sizes=\"auto, (max-width: 113px) 100vw, 113px\" \/>LIDM#25<\/a><\/div>\n<div class=\"category-thumbnail-list-item\"><a href=\"https:\/\/lmg-nevroplasticienne.com\/?p=6496\" title=\"LIDM#24\"><img loading=\"lazy\" decoding=\"async\" width=\"113\" height=\"150\" src=\"https:\/\/lmg-nevroplasticienne.com\/wp-content\/uploads\/2016\/04\/UDA.24-113x150.jpg\" class=\"attachment-thumbnail size-thumbnail wp-post-image\" alt=\"\" srcset=\"https:\/\/lmg-nevroplasticienne.com\/wp-content\/uploads\/2016\/04\/UDA.24-113x150.jpg 113w, https:\/\/lmg-nevroplasticienne.com\/wp-content\/uploads\/2016\/04\/UDA.24-225x300.jpg 225w, https:\/\/lmg-nevroplasticienne.com\/wp-content\/uploads\/2016\/04\/UDA.24-768x1024.jpg 768w, https:\/\/lmg-nevroplasticienne.com\/wp-content\/uploads\/2016\/04\/UDA.24.jpg 1205w\" sizes=\"auto, (max-width: 113px) 100vw, 113px\" \/>LIDM#24<\/a><\/div>\n<div class=\"category-thumbnail-list-item\"><a href=\"https:\/\/lmg-nevroplasticienne.com\/?p=6493\" title=\"LIDM#23\"><img loading=\"lazy\" decoding=\"async\" width=\"113\" height=\"150\" src=\"https:\/\/lmg-nevroplasticienne.com\/wp-content\/uploads\/2016\/04\/UDA.23-113x150.jpg\" class=\"attachment-thumbnail size-thumbnail wp-post-image\" alt=\"\" srcset=\"https:\/\/lmg-nevroplasticienne.com\/wp-content\/uploads\/2016\/04\/UDA.23-113x150.jpg 113w, https:\/\/lmg-nevroplasticienne.com\/wp-content\/uploads\/2016\/04\/UDA.23-225x300.jpg 225w, https:\/\/lmg-nevroplasticienne.com\/wp-content\/uploads\/2016\/04\/UDA.23-768x1024.jpg 768w, https:\/\/lmg-nevroplasticienne.com\/wp-content\/uploads\/2016\/04\/UDA.23.jpg 1205w\" sizes=\"auto, (max-width: 113px) 100vw, 113px\" \/>LIDM#23<\/a><\/div>\n<div class=\"category-thumbnail-list-item\"><a href=\"https:\/\/lmg-nevroplasticienne.com\/?p=6480\" title=\"LIDM#22\"><img loading=\"lazy\" decoding=\"async\" width=\"113\" height=\"150\" src=\"https:\/\/lmg-nevroplasticienne.com\/wp-content\/uploads\/2016\/03\/UDA.22-113x150.jpg\" class=\"attachment-thumbnail size-thumbnail wp-post-image\" alt=\"\" srcset=\"https:\/\/lmg-nevroplasticienne.com\/wp-content\/uploads\/2016\/03\/UDA.22-113x150.jpg 113w, https:\/\/lmg-nevroplasticienne.com\/wp-content\/uploads\/2016\/03\/UDA.22-225x300.jpg 225w, https:\/\/lmg-nevroplasticienne.com\/wp-content\/uploads\/2016\/03\/UDA.22-768x1024.jpg 768w, https:\/\/lmg-nevroplasticienne.com\/wp-content\/uploads\/2016\/03\/UDA.22.jpg 1205w\" sizes=\"auto, (max-width: 113px) 100vw, 113px\" \/>LIDM#22<\/a><\/div>\n<div class=\"category-thumbnail-list-item\"><a href=\"https:\/\/lmg-nevroplasticienne.com\/?p=6476\" title=\"LIDM#21\"><img loading=\"lazy\" decoding=\"async\" width=\"113\" height=\"150\" src=\"https:\/\/lmg-nevroplasticienne.com\/wp-content\/uploads\/2016\/03\/LIDM211-113x150.jpg\" class=\"attachment-thumbnail size-thumbnail wp-post-image\" alt=\"\" srcset=\"https:\/\/lmg-nevroplasticienne.com\/wp-content\/uploads\/2016\/03\/LIDM211-113x150.jpg 113w, https:\/\/lmg-nevroplasticienne.com\/wp-content\/uploads\/2016\/03\/LIDM211-225x300.jpg 225w, https:\/\/lmg-nevroplasticienne.com\/wp-content\/uploads\/2016\/03\/LIDM211-768x1024.jpg 768w, https:\/\/lmg-nevroplasticienne.com\/wp-content\/uploads\/2016\/03\/LIDM211.jpg 1205w\" sizes=\"auto, (max-width: 113px) 100vw, 113px\" \/>LIDM#21<\/a><\/div>\n<div class=\"category-thumbnail-list-item\"><a href=\"https:\/\/lmg-nevroplasticienne.com\/?p=6468\" title=\"LIDM#20\"><img loading=\"lazy\" decoding=\"async\" width=\"113\" height=\"150\" src=\"https:\/\/lmg-nevroplasticienne.com\/wp-content\/uploads\/2016\/03\/LIDM20-113x150.jpg\" class=\"attachment-thumbnail size-thumbnail wp-post-image\" alt=\"\" srcset=\"https:\/\/lmg-nevroplasticienne.com\/wp-content\/uploads\/2016\/03\/LIDM20-113x150.jpg 113w, https:\/\/lmg-nevroplasticienne.com\/wp-content\/uploads\/2016\/03\/LIDM20-225x300.jpg 225w, https:\/\/lmg-nevroplasticienne.com\/wp-content\/uploads\/2016\/03\/LIDM20-768x1024.jpg 768w, https:\/\/lmg-nevroplasticienne.com\/wp-content\/uploads\/2016\/03\/LIDM20.jpg 1205w\" sizes=\"auto, (max-width: 113px) 100vw, 113px\" \/>LIDM#20<\/a><\/div>\n<div class=\"category-thumbnail-list-item\"><a href=\"https:\/\/lmg-nevroplasticienne.com\/?p=6448\" title=\"LIDM#19\"><img loading=\"lazy\" decoding=\"async\" width=\"113\" height=\"150\" src=\"https:\/\/lmg-nevroplasticienne.com\/wp-content\/uploads\/2016\/03\/LIDM19-113x150.jpg\" class=\"attachment-thumbnail size-thumbnail wp-post-image\" alt=\"\" srcset=\"https:\/\/lmg-nevroplasticienne.com\/wp-content\/uploads\/2016\/03\/LIDM19-113x150.jpg 113w, https:\/\/lmg-nevroplasticienne.com\/wp-content\/uploads\/2016\/03\/LIDM19-225x300.jpg 225w, https:\/\/lmg-nevroplasticienne.com\/wp-content\/uploads\/2016\/03\/LIDM19-768x1024.jpg 768w, https:\/\/lmg-nevroplasticienne.com\/wp-content\/uploads\/2016\/03\/LIDM19.jpg 1205w\" sizes=\"auto, (max-width: 113px) 100vw, 113px\" \/>LIDM#19<\/a><\/div>\n<div class=\"category-thumbnail-list-item\"><a href=\"https:\/\/lmg-nevroplasticienne.com\/?p=6176\" title=\"LIDM#18\"><img loading=\"lazy\" decoding=\"async\" width=\"112\" height=\"150\" src=\"https:\/\/lmg-nevroplasticienne.com\/wp-content\/uploads\/2015\/07\/181-112x150.jpg\" class=\"attachment-thumbnail size-thumbnail wp-post-image\" alt=\"\" srcset=\"https:\/\/lmg-nevroplasticienne.com\/wp-content\/uploads\/2015\/07\/181-112x150.jpg 112w, https:\/\/lmg-nevroplasticienne.com\/wp-content\/uploads\/2015\/07\/181-225x300.jpg 225w, https:\/\/lmg-nevroplasticienne.com\/wp-content\/uploads\/2015\/07\/181-768x1024.jpg 768w, https:\/\/lmg-nevroplasticienne.com\/wp-content\/uploads\/2015\/07\/181.jpg 1205w\" sizes=\"auto, (max-width: 112px) 100vw, 112px\" \/>LIDM#18<\/a><\/div>\n<div class=\"category-thumbnail-list-item\"><a href=\"https:\/\/lmg-nevroplasticienne.com\/?p=6167\" title=\"LIDM#17\"><img loading=\"lazy\" decoding=\"async\" width=\"112\" height=\"150\" src=\"https:\/\/lmg-nevroplasticienne.com\/wp-content\/uploads\/2015\/06\/17-112x150.jpg\" class=\"attachment-thumbnail size-thumbnail wp-post-image\" alt=\"\" srcset=\"https:\/\/lmg-nevroplasticienne.com\/wp-content\/uploads\/2015\/06\/17-112x150.jpg 112w, https:\/\/lmg-nevroplasticienne.com\/wp-content\/uploads\/2015\/06\/17-225x300.jpg 225w, https:\/\/lmg-nevroplasticienne.com\/wp-content\/uploads\/2015\/06\/17-768x1024.jpg 768w, https:\/\/lmg-nevroplasticienne.com\/wp-content\/uploads\/2015\/06\/17.jpg 1205w\" sizes=\"auto, (max-width: 112px) 100vw, 112px\" \/>LIDM#17<\/a><\/div>\n<div class=\"category-thumbnail-list-item\"><a href=\"https:\/\/lmg-nevroplasticienne.com\/?p=6163\" title=\"LIDM#16\"><img loading=\"lazy\" decoding=\"async\" width=\"112\" height=\"150\" src=\"https:\/\/lmg-nevroplasticienne.com\/wp-content\/uploads\/2015\/06\/161-112x150.jpg\" class=\"attachment-thumbnail size-thumbnail wp-post-image\" alt=\"\" srcset=\"https:\/\/lmg-nevroplasticienne.com\/wp-content\/uploads\/2015\/06\/161-112x150.jpg 112w, https:\/\/lmg-nevroplasticienne.com\/wp-content\/uploads\/2015\/06\/161-225x300.jpg 225w, https:\/\/lmg-nevroplasticienne.com\/wp-content\/uploads\/2015\/06\/161-768x1024.jpg 768w, https:\/\/lmg-nevroplasticienne.com\/wp-content\/uploads\/2015\/06\/161.jpg 1205w\" sizes=\"auto, (max-width: 112px) 100vw, 112px\" \/>LIDM#16<\/a><\/div>\n<div class=\"category-thumbnail-list-item\"><a href=\"https:\/\/lmg-nevroplasticienne.com\/?p=6152\" title=\"LIDM#15\"><img loading=\"lazy\" decoding=\"async\" width=\"112\" height=\"150\" src=\"https:\/\/lmg-nevroplasticienne.com\/wp-content\/uploads\/2015\/06\/15-112x150.jpg\" class=\"attachment-thumbnail size-thumbnail wp-post-image\" alt=\"\" srcset=\"https:\/\/lmg-nevroplasticienne.com\/wp-content\/uploads\/2015\/06\/15-112x150.jpg 112w, https:\/\/lmg-nevroplasticienne.com\/wp-content\/uploads\/2015\/06\/15-225x300.jpg 225w, https:\/\/lmg-nevroplasticienne.com\/wp-content\/uploads\/2015\/06\/15-768x1024.jpg 768w, https:\/\/lmg-nevroplasticienne.com\/wp-content\/uploads\/2015\/06\/15.jpg 1205w\" sizes=\"auto, (max-width: 112px) 100vw, 112px\" \/>LIDM#15<\/a><\/div>\n<div class=\"category-thumbnail-list-item\"><a href=\"https:\/\/lmg-nevroplasticienne.com\/?p=6149\" title=\"LIDM#14\"><img loading=\"lazy\" decoding=\"async\" width=\"112\" height=\"150\" src=\"https:\/\/lmg-nevroplasticienne.com\/wp-content\/uploads\/2015\/06\/14-112x150.jpg\" class=\"attachment-thumbnail size-thumbnail wp-post-image\" alt=\"\" srcset=\"https:\/\/lmg-nevroplasticienne.com\/wp-content\/uploads\/2015\/06\/14-112x150.jpg 112w, https:\/\/lmg-nevroplasticienne.com\/wp-content\/uploads\/2015\/06\/14-225x300.jpg 225w, https:\/\/lmg-nevroplasticienne.com\/wp-content\/uploads\/2015\/06\/14-768x1024.jpg 768w, https:\/\/lmg-nevroplasticienne.com\/wp-content\/uploads\/2015\/06\/14.jpg 1205w\" sizes=\"auto, (max-width: 112px) 100vw, 112px\" \/>LIDM#14<\/a><\/div>\n<div class=\"category-thumbnail-list-item\"><a href=\"https:\/\/lmg-nevroplasticienne.com\/?p=6146\" title=\"LIDM#13\"><img loading=\"lazy\" decoding=\"async\" width=\"112\" height=\"150\" src=\"https:\/\/lmg-nevroplasticienne.com\/wp-content\/uploads\/2015\/06\/13-112x150.jpg\" class=\"attachment-thumbnail size-thumbnail wp-post-image\" alt=\"\" srcset=\"https:\/\/lmg-nevroplasticienne.com\/wp-content\/uploads\/2015\/06\/13-112x150.jpg 112w, https:\/\/lmg-nevroplasticienne.com\/wp-content\/uploads\/2015\/06\/13-225x300.jpg 225w, https:\/\/lmg-nevroplasticienne.com\/wp-content\/uploads\/2015\/06\/13-768x1024.jpg 768w, https:\/\/lmg-nevroplasticienne.com\/wp-content\/uploads\/2015\/06\/13.jpg 1205w\" sizes=\"auto, (max-width: 112px) 100vw, 112px\" \/>LIDM#13<\/a><\/div>\n<div class=\"category-thumbnail-list-item\"><a href=\"https:\/\/lmg-nevroplasticienne.com\/?p=6143\" title=\"LIDM#12\"><img loading=\"lazy\" decoding=\"async\" width=\"112\" height=\"150\" src=\"https:\/\/lmg-nevroplasticienne.com\/wp-content\/uploads\/2015\/06\/12-112x150.jpg\" class=\"attachment-thumbnail size-thumbnail wp-post-image\" alt=\"\" srcset=\"https:\/\/lmg-nevroplasticienne.com\/wp-content\/uploads\/2015\/06\/12-112x150.jpg 112w, https:\/\/lmg-nevroplasticienne.com\/wp-content\/uploads\/2015\/06\/12-225x300.jpg 225w, https:\/\/lmg-nevroplasticienne.com\/wp-content\/uploads\/2015\/06\/12-768x1024.jpg 768w, https:\/\/lmg-nevroplasticienne.com\/wp-content\/uploads\/2015\/06\/12.jpg 1205w\" sizes=\"auto, (max-width: 112px) 100vw, 112px\" \/>LIDM#12<\/a><\/div>\n<div class=\"category-thumbnail-list-item\"><a href=\"https:\/\/lmg-nevroplasticienne.com\/?p=6139\" title=\"LIDM#11\"><img loading=\"lazy\" decoding=\"async\" width=\"112\" height=\"150\" src=\"https:\/\/lmg-nevroplasticienne.com\/wp-content\/uploads\/2015\/06\/11-112x150.jpg\" class=\"attachment-thumbnail size-thumbnail wp-post-image\" alt=\"\" srcset=\"https:\/\/lmg-nevroplasticienne.com\/wp-content\/uploads\/2015\/06\/11-112x150.jpg 112w, https:\/\/lmg-nevroplasticienne.com\/wp-content\/uploads\/2015\/06\/11-225x300.jpg 225w, https:\/\/lmg-nevroplasticienne.com\/wp-content\/uploads\/2015\/06\/11-768x1024.jpg 768w, https:\/\/lmg-nevroplasticienne.com\/wp-content\/uploads\/2015\/06\/11.jpg 1205w\" sizes=\"auto, (max-width: 112px) 100vw, 112px\" \/>LIDM#11<\/a><\/div>\n<div class=\"category-thumbnail-list-item\"><a href=\"https:\/\/lmg-nevroplasticienne.com\/?p=5995\" title=\"LIDM#10\"><img loading=\"lazy\" decoding=\"async\" width=\"112\" height=\"150\" src=\"https:\/\/lmg-nevroplasticienne.com\/wp-content\/uploads\/2015\/06\/UDA10-112x150.jpg\" class=\"attachment-thumbnail size-thumbnail wp-post-image\" alt=\"\" srcset=\"https:\/\/lmg-nevroplasticienne.com\/wp-content\/uploads\/2015\/06\/UDA10-112x150.jpg 112w, https:\/\/lmg-nevroplasticienne.com\/wp-content\/uploads\/2015\/06\/UDA10-225x300.jpg 225w, https:\/\/lmg-nevroplasticienne.com\/wp-content\/uploads\/2015\/06\/UDA10-768x1024.jpg 768w, https:\/\/lmg-nevroplasticienne.com\/wp-content\/uploads\/2015\/06\/UDA10.jpg 1205w\" sizes=\"auto, (max-width: 112px) 100vw, 112px\" \/>LIDM#10<\/a><\/div>\n<div class=\"category-thumbnail-list-item\"><a href=\"https:\/\/lmg-nevroplasticienne.com\/?p=5992\" title=\"LIDM#9\"><img loading=\"lazy\" decoding=\"async\" width=\"112\" height=\"150\" src=\"https:\/\/lmg-nevroplasticienne.com\/wp-content\/uploads\/2015\/06\/UDA9-112x150.jpg\" class=\"attachment-thumbnail size-thumbnail wp-post-image\" alt=\"\" srcset=\"https:\/\/lmg-nevroplasticienne.com\/wp-content\/uploads\/2015\/06\/UDA9-112x150.jpg 112w, https:\/\/lmg-nevroplasticienne.com\/wp-content\/uploads\/2015\/06\/UDA9-225x300.jpg 225w, https:\/\/lmg-nevroplasticienne.com\/wp-content\/uploads\/2015\/06\/UDA9-768x1024.jpg 768w, https:\/\/lmg-nevroplasticienne.com\/wp-content\/uploads\/2015\/06\/UDA9.jpg 1205w\" sizes=\"auto, (max-width: 112px) 100vw, 112px\" \/>LIDM#9<\/a><\/div>\n<div class=\"category-thumbnail-list-item\"><a href=\"https:\/\/lmg-nevroplasticienne.com\/?p=5937\" title=\"LIDM#8\"><img loading=\"lazy\" decoding=\"async\" width=\"112\" height=\"150\" src=\"https:\/\/lmg-nevroplasticienne.com\/wp-content\/uploads\/2015\/05\/UDA8-112x150.jpg\" class=\"attachment-thumbnail size-thumbnail wp-post-image\" alt=\"\" srcset=\"https:\/\/lmg-nevroplasticienne.com\/wp-content\/uploads\/2015\/05\/UDA8-112x150.jpg 112w, https:\/\/lmg-nevroplasticienne.com\/wp-content\/uploads\/2015\/05\/UDA8-225x300.jpg 225w, https:\/\/lmg-nevroplasticienne.com\/wp-content\/uploads\/2015\/05\/UDA8-768x1024.jpg 768w, https:\/\/lmg-nevroplasticienne.com\/wp-content\/uploads\/2015\/05\/UDA8.jpg 1205w\" sizes=\"auto, (max-width: 112px) 100vw, 112px\" \/>LIDM#8<\/a><\/div>\n<div class=\"category-thumbnail-list-item\"><a href=\"https:\/\/lmg-nevroplasticienne.com\/?p=5934\" title=\"LIDM#7\"><img loading=\"lazy\" decoding=\"async\" width=\"112\" height=\"150\" src=\"https:\/\/lmg-nevroplasticienne.com\/wp-content\/uploads\/2015\/05\/UDA7-112x150.jpg\" class=\"attachment-thumbnail size-thumbnail wp-post-image\" alt=\"\" srcset=\"https:\/\/lmg-nevroplasticienne.com\/wp-content\/uploads\/2015\/05\/UDA7-112x150.jpg 112w, https:\/\/lmg-nevroplasticienne.com\/wp-content\/uploads\/2015\/05\/UDA7-225x300.jpg 225w, https:\/\/lmg-nevroplasticienne.com\/wp-content\/uploads\/2015\/05\/UDA7-768x1024.jpg 768w, https:\/\/lmg-nevroplasticienne.com\/wp-content\/uploads\/2015\/05\/UDA7.jpg 1205w\" sizes=\"auto, (max-width: 112px) 100vw, 112px\" \/>LIDM#7<\/a><\/div>\n<div class=\"category-thumbnail-list-item\"><a href=\"https:\/\/lmg-nevroplasticienne.com\/?p=5931\" title=\"LIDM#6\"><img loading=\"lazy\" decoding=\"async\" width=\"112\" height=\"150\" src=\"https:\/\/lmg-nevroplasticienne.com\/wp-content\/uploads\/2015\/05\/UDA6-112x150.jpg\" class=\"attachment-thumbnail size-thumbnail wp-post-image\" alt=\"\" srcset=\"https:\/\/lmg-nevroplasticienne.com\/wp-content\/uploads\/2015\/05\/UDA6-112x150.jpg 112w, https:\/\/lmg-nevroplasticienne.com\/wp-content\/uploads\/2015\/05\/UDA6-225x300.jpg 225w, https:\/\/lmg-nevroplasticienne.com\/wp-content\/uploads\/2015\/05\/UDA6-768x1024.jpg 768w, https:\/\/lmg-nevroplasticienne.com\/wp-content\/uploads\/2015\/05\/UDA6.jpg 1205w\" sizes=\"auto, (max-width: 112px) 100vw, 112px\" \/>LIDM#6<\/a><\/div>\n<div class=\"category-thumbnail-list-item\"><a href=\"https:\/\/lmg-nevroplasticienne.com\/?p=5928\" title=\"LIDM#5\"><img loading=\"lazy\" decoding=\"async\" width=\"112\" height=\"150\" src=\"https:\/\/lmg-nevroplasticienne.com\/wp-content\/uploads\/2015\/05\/UDA5-112x150.jpg\" class=\"attachment-thumbnail size-thumbnail wp-post-image\" alt=\"\" srcset=\"https:\/\/lmg-nevroplasticienne.com\/wp-content\/uploads\/2015\/05\/UDA5-112x150.jpg 112w, https:\/\/lmg-nevroplasticienne.com\/wp-content\/uploads\/2015\/05\/UDA5-225x300.jpg 225w, https:\/\/lmg-nevroplasticienne.com\/wp-content\/uploads\/2015\/05\/UDA5-768x1024.jpg 768w, https:\/\/lmg-nevroplasticienne.com\/wp-content\/uploads\/2015\/05\/UDA5.jpg 1205w\" sizes=\"auto, (max-width: 112px) 100vw, 112px\" \/>LIDM#5<\/a><\/div>\n<div class=\"category-thumbnail-list-item\"><a href=\"https:\/\/lmg-nevroplasticienne.com\/?p=5919\" title=\"LIDM#4\"><img loading=\"lazy\" decoding=\"async\" width=\"112\" height=\"150\" src=\"https:\/\/lmg-nevroplasticienne.com\/wp-content\/uploads\/2015\/05\/UDA4-112x150.jpg\" class=\"attachment-thumbnail size-thumbnail wp-post-image\" alt=\"\" srcset=\"https:\/\/lmg-nevroplasticienne.com\/wp-content\/uploads\/2015\/05\/UDA4-112x150.jpg 112w, https:\/\/lmg-nevroplasticienne.com\/wp-content\/uploads\/2015\/05\/UDA4-225x300.jpg 225w, https:\/\/lmg-nevroplasticienne.com\/wp-content\/uploads\/2015\/05\/UDA4-768x1024.jpg 768w, https:\/\/lmg-nevroplasticienne.com\/wp-content\/uploads\/2015\/05\/UDA4.jpg 1205w\" sizes=\"auto, (max-width: 112px) 100vw, 112px\" \/>LIDM#4<\/a><\/div>\n<div class=\"category-thumbnail-list-item\"><a href=\"https:\/\/lmg-nevroplasticienne.com\/?p=5916\" title=\"LIDM#3\"><img loading=\"lazy\" decoding=\"async\" width=\"112\" height=\"150\" src=\"https:\/\/lmg-nevroplasticienne.com\/wp-content\/uploads\/2015\/05\/UDA.3-112x150.jpg\" class=\"attachment-thumbnail size-thumbnail wp-post-image\" alt=\"\" srcset=\"https:\/\/lmg-nevroplasticienne.com\/wp-content\/uploads\/2015\/05\/UDA.3-112x150.jpg 112w, https:\/\/lmg-nevroplasticienne.com\/wp-content\/uploads\/2015\/05\/UDA.3-225x300.jpg 225w, https:\/\/lmg-nevroplasticienne.com\/wp-content\/uploads\/2015\/05\/UDA.3-768x1024.jpg 768w, https:\/\/lmg-nevroplasticienne.com\/wp-content\/uploads\/2015\/05\/UDA.3.jpg 1205w\" sizes=\"auto, (max-width: 112px) 100vw, 112px\" \/>LIDM#3<\/a><\/div>\n<div class=\"category-thumbnail-list-item\"><a href=\"https:\/\/lmg-nevroplasticienne.com\/?p=5912\" title=\"LIDM#2\"><img loading=\"lazy\" decoding=\"async\" width=\"112\" height=\"150\" src=\"https:\/\/lmg-nevroplasticienne.com\/wp-content\/uploads\/2015\/05\/UDA22-112x150.jpg\" class=\"attachment-thumbnail size-thumbnail wp-post-image\" alt=\"\" srcset=\"https:\/\/lmg-nevroplasticienne.com\/wp-content\/uploads\/2015\/05\/UDA22-112x150.jpg 112w, https:\/\/lmg-nevroplasticienne.com\/wp-content\/uploads\/2015\/05\/UDA22-225x300.jpg 225w, https:\/\/lmg-nevroplasticienne.com\/wp-content\/uploads\/2015\/05\/UDA22-768x1024.jpg 768w, https:\/\/lmg-nevroplasticienne.com\/wp-content\/uploads\/2015\/05\/UDA22.jpg 1205w\" sizes=\"auto, (max-width: 112px) 100vw, 112px\" \/>LIDM#2<\/a><\/div>\n<div class=\"category-thumbnail-list-item\"><a href=\"https:\/\/lmg-nevroplasticienne.com\/?p=5890\" title=\"LIDM#1\"><img loading=\"lazy\" decoding=\"async\" width=\"112\" height=\"150\" src=\"https:\/\/lmg-nevroplasticienne.com\/wp-content\/uploads\/2015\/05\/UDA.13-112x150.jpg\" class=\"attachment-thumbnail size-thumbnail wp-post-image\" alt=\"\" srcset=\"https:\/\/lmg-nevroplasticienne.com\/wp-content\/uploads\/2015\/05\/UDA.13-112x150.jpg 112w, https:\/\/lmg-nevroplasticienne.com\/wp-content\/uploads\/2015\/05\/UDA.13-225x300.jpg 225w, https:\/\/lmg-nevroplasticienne.com\/wp-content\/uploads\/2015\/05\/UDA.13.jpg 600w\" sizes=\"auto, (max-width: 112px) 100vw, 112px\" \/>LIDM#1<\/a><\/div>\n<\/div>\n","protected":false},"excerpt":{"rendered":"<p>Entre Manzoni et sa Merde d\u2019artiste en conserve, la Cloaca de Wim Delvoye capable de reconstituer des \u00e9trons humains, les peintures f\u00e9cales de Jacques Liz\u00e8ne, les \u0153uvres \u00e9ph\u00e9m\u00e8res de la Sprinkle Brigade cr\u00e9\u00e9es \u00e0 partir de d\u00e9jections canines, ou les &hellip; <a href=\"https:\/\/lmg-nevroplasticienne.com\/?page_id=5751\">Continuer la lecture <span class=\"meta-nav\">&rarr;<\/span><\/a><\/p>\n","protected":false},"author":1,"featured_media":0,"parent":0,"menu_order":0,"comment_status":"closed","ping_status":"open","template":"","meta":{"footnotes":""},"class_list":["post-5751","page","type-page","status-publish","hentry"],"_links":{"self":[{"href":"https:\/\/lmg-nevroplasticienne.com\/index.php?rest_route=\/wp\/v2\/pages\/5751","targetHints":{"allow":["GET"]}}],"collection":[{"href":"https:\/\/lmg-nevroplasticienne.com\/index.php?rest_route=\/wp\/v2\/pages"}],"about":[{"href":"https:\/\/lmg-nevroplasticienne.com\/index.php?rest_route=\/wp\/v2\/types\/page"}],"author":[{"embeddable":true,"href":"https:\/\/lmg-nevroplasticienne.com\/index.php?rest_route=\/wp\/v2\/users\/1"}],"replies":[{"embeddable":true,"href":"https:\/\/lmg-nevroplasticienne.com\/index.php?rest_route=%2Fwp%2Fv2%2Fcomments&post=5751"}],"version-history":[{"count":28,"href":"https:\/\/lmg-nevroplasticienne.com\/index.php?rest_route=\/wp\/v2\/pages\/5751\/revisions"}],"predecessor-version":[{"id":6158,"href":"https:\/\/lmg-nevroplasticienne.com\/index.php?rest_route=\/wp\/v2\/pages\/5751\/revisions\/6158"}],"wp:attachment":[{"href":"https:\/\/lmg-nevroplasticienne.com\/index.php?rest_route=%2Fwp%2Fv2%2Fmedia&parent=5751"}],"curies":[{"name":"wp","href":"https:\/\/api.w.org\/{rel}","templated":true}]}}