{"id":5544,"date":"2014-11-20T17:25:11","date_gmt":"2014-11-20T17:25:11","guid":{"rendered":"http:\/\/lmg-nevroplasticienne.com\/?page_id=5544"},"modified":"2015-02-17T07:43:56","modified_gmt":"2015-02-17T07:43:56","slug":"douche-froide","status":"publish","type":"page","link":"https:\/\/lmg-nevroplasticienne.com\/?page_id=5544","title":{"rendered":"Douche Froide"},"content":{"rendered":"<p>&nbsp;<\/p>\n<p style=\"text-align: justify;\"><a href=\"https:\/\/lmg-nevroplasticienne.com\/?attachment_id=5552\" rel=\"attachment wp-att-5552\"><img loading=\"lazy\" decoding=\"async\" class=\"alignleft size-full wp-image-5552\" title=\"LMG Douche Froide\" src=\"https:\/\/lmg-nevroplasticienne.com\/wp-content\/uploads\/2014\/11\/LMG-Douche-Froide.jpg\" alt=\"\" width=\"400\" height=\"400\" srcset=\"https:\/\/lmg-nevroplasticienne.com\/wp-content\/uploads\/2014\/11\/LMG-Douche-Froide.jpg 400w, https:\/\/lmg-nevroplasticienne.com\/wp-content\/uploads\/2014\/11\/LMG-Douche-Froide-150x150.jpg 150w, https:\/\/lmg-nevroplasticienne.com\/wp-content\/uploads\/2014\/11\/LMG-Douche-Froide-300x300.jpg 300w\" sizes=\"auto, (max-width: 400px) 100vw, 400px\" \/><\/a>Poursuivant sa qu\u00eate visant \u00e0 associer les arts plastiques \u00e0 d\u2019autres disciplines, LMG s\u2019est cette fois consacr\u00e9e \u00e0 la mise en images de la musique de <em>Douche Froide<\/em>, groupe cold-wave glac\u00e9 et gla\u00e7ant de Lille, dans le Nord de la France.<\/p>\n<p style=\"text-align: justify;\">Apr\u00e8s une \u00e9coute attentive des 7 morceaux r\u00e9unis sur cet album, LMG a donc imagin\u00e9 et r\u00e9alis\u00e9 la pochette du disque vinyle\u00a0: trois dessins ont \u00e9t\u00e9 con\u00e7us avec une pointe \u00e0 graver et de la poudre de graphite sur des contrecoll\u00e9s \u00e0 grammage \u00e9pais, couleur coquille d\u2019\u0153uf. Les dessins de LMG pr\u00e9sentent ici la plong\u00e9e abyssale de poissons radiographi\u00e9s qui figurent sur le recto et le verso de la pochette, ainsi que sur le cercle central du disque.<\/p>\n<p style=\"text-align: justify;\">L&rsquo;album de <em>Douche Froide<\/em> est disponible aupr\u00e8s du label <a title=\"Build me a Bomb\" href=\"http:\/\/buildmeabomb.com\/\">Build me a bomb<\/a><\/p>\n<p>&nbsp;<\/p>\n<p>&nbsp;<\/p>\n<p style=\"text-align: justify;\">\n<div class=\"category-thumbnail-list\"><\/div><\/p>\n","protected":false},"excerpt":{"rendered":"<p>&nbsp; Poursuivant sa qu\u00eate visant \u00e0 associer les arts plastiques \u00e0 d\u2019autres disciplines, LMG s\u2019est cette fois consacr\u00e9e \u00e0 la mise en images de la musique de Douche Froide, groupe cold-wave glac\u00e9 et gla\u00e7ant de Lille, dans le Nord de &hellip; <a href=\"https:\/\/lmg-nevroplasticienne.com\/?page_id=5544\">Continuer la lecture <span class=\"meta-nav\">&rarr;<\/span><\/a><\/p>\n","protected":false},"author":1,"featured_media":0,"parent":0,"menu_order":0,"comment_status":"closed","ping_status":"open","template":"","meta":{"footnotes":""},"class_list":["post-5544","page","type-page","status-publish","hentry"],"_links":{"self":[{"href":"https:\/\/lmg-nevroplasticienne.com\/index.php?rest_route=\/wp\/v2\/pages\/5544","targetHints":{"allow":["GET"]}}],"collection":[{"href":"https:\/\/lmg-nevroplasticienne.com\/index.php?rest_route=\/wp\/v2\/pages"}],"about":[{"href":"https:\/\/lmg-nevroplasticienne.com\/index.php?rest_route=\/wp\/v2\/types\/page"}],"author":[{"embeddable":true,"href":"https:\/\/lmg-nevroplasticienne.com\/index.php?rest_route=\/wp\/v2\/users\/1"}],"replies":[{"embeddable":true,"href":"https:\/\/lmg-nevroplasticienne.com\/index.php?rest_route=%2Fwp%2Fv2%2Fcomments&post=5544"}],"version-history":[{"count":26,"href":"https:\/\/lmg-nevroplasticienne.com\/index.php?rest_route=\/wp\/v2\/pages\/5544\/revisions"}],"predecessor-version":[{"id":5721,"href":"https:\/\/lmg-nevroplasticienne.com\/index.php?rest_route=\/wp\/v2\/pages\/5544\/revisions\/5721"}],"wp:attachment":[{"href":"https:\/\/lmg-nevroplasticienne.com\/index.php?rest_route=%2Fwp%2Fv2%2Fmedia&parent=5544"}],"curies":[{"name":"wp","href":"https:\/\/api.w.org\/{rel}","templated":true}]}}