{"id":4613,"date":"2013-11-19T11:22:24","date_gmt":"2013-11-19T11:22:24","guid":{"rendered":"http:\/\/lmg-nevroplasticienne.com\/?page_id=4613"},"modified":"2015-06-08T17:48:02","modified_gmt":"2015-06-08T17:48:02","slug":"chaire-de-poule","status":"publish","type":"page","link":"https:\/\/lmg-nevroplasticienne.com\/?page_id=4613","title":{"rendered":"Chair(e) de poule"},"content":{"rendered":"<p><a href=\"https:\/\/lmg-nevroplasticienne.com\/?attachment_id=4618\" rel=\"attachment wp-att-4618\"><img loading=\"lazy\" decoding=\"async\" class=\"alignleft size-full wp-image-4618\" title=\"LMG N\u00e9vroplasticienne\" src=\"https:\/\/lmg-nevroplasticienne.com\/wp-content\/uploads\/2013\/11\/LMG-N\u00e9vroplasticienne.jpg\" alt=\"\" width=\"400\" height=\"400\" srcset=\"https:\/\/lmg-nevroplasticienne.com\/wp-content\/uploads\/2013\/11\/LMG-N\u00e9vroplasticienne.jpg 400w, https:\/\/lmg-nevroplasticienne.com\/wp-content\/uploads\/2013\/11\/LMG-N\u00e9vroplasticienne-150x150.jpg 150w, https:\/\/lmg-nevroplasticienne.com\/wp-content\/uploads\/2013\/11\/LMG-N\u00e9vroplasticienne-300x300.jpg 300w\" sizes=\"auto, (max-width: 400px) 100vw, 400px\" \/><\/a><\/p>\n<p style=\"text-align: justify;\">Interrogeant les passerelles f\u00e9condes entre les arts plastiques et d\u2019autres formes de repr\u00e9sentations, LMG est associ\u00e9e au projet <em>Chair(e) de Poule<\/em> de la com\u00e9dienne Janie Follet, rencontr\u00e9e lors d\u2019un stage orchestr\u00e9 par Michel Azama, <em>Lire, \u00e9crire et jouer le th\u00e9\u00e2tre contemporain<\/em>.<\/p>\n<p style=\"text-align: justify;\">Cette nouvelle collaboration pose de fa\u00e7on tangible la question d\u2019une interaction entre le spectacle vivant et la repr\u00e9sentation graphique bidimensionnelle\u00a0: en parall\u00e8le au temps de cr\u00e9ation de Janie Follet, LMG a r\u00e9alis\u00e9 22<em>\u00a0<\/em>dessins au sang menstruel et \u00e0 la mine de plomb, en s&rsquo;appuyant sur les recherches th\u00e9\u00e2trales mises en place.<\/p>\n<p style=\"text-align: justify;\">Encadr\u00e9s dans des bo\u00eetes murales en pin clair sp\u00e9cialement con\u00e7ues pour la circonstance, ces dessins <em>n\u00e9vroplastiques<\/em>\u00a0ont \u00e9t\u00e9 expos\u00e9s au <a href=\"http:\/\/www.theatredelavie.be\/detail\/chaire-de-poule\/133\">Th\u00e9\u00e2tre de la vie <\/a>de Bruxelles en Janvier 2014.<\/p>\n<p style=\"text-align: justify;\">(Les dessins n\u00b0 2,3,4,6, 9, 11,13,15,17, 18 sont vendus.)<\/p>\n<p>Inspir\u00e9 par ces 22 dessins, <em>Les Dits du Xhuxha&rsquo;i<\/em> d&rsquo;Anne-Sylvie Salzmann a \u00e9t\u00e9 publi\u00e9.<a href=\"http:\/\/membrane.tumblr.com\/post\/119589014817\/anne-sylvie-salzman-dits-des-xhuxhai-black\"> Editions Black Herald Press <\/a>2015.<\/p>\n<p>&nbsp;<\/p>\n<div class=\"category-thumbnail-list\">\n<div class=\"category-thumbnail-list-item\"><a href=\"https:\/\/lmg-nevroplasticienne.com\/?p=4740\" title=\"Chair(e) de poule #22\"><img loading=\"lazy\" decoding=\"async\" width=\"108\" height=\"150\" src=\"https:\/\/lmg-nevroplasticienne.com\/wp-content\/uploads\/2013\/11\/chaire-de-poule-221-108x150.jpg\" class=\"attachment-thumbnail size-thumbnail wp-post-image\" alt=\"\" srcset=\"https:\/\/lmg-nevroplasticienne.com\/wp-content\/uploads\/2013\/11\/chaire-de-poule-221-108x150.jpg 108w, https:\/\/lmg-nevroplasticienne.com\/wp-content\/uploads\/2013\/11\/chaire-de-poule-221-217x300.jpg 217w, https:\/\/lmg-nevroplasticienne.com\/wp-content\/uploads\/2013\/11\/chaire-de-poule-221.jpg 500w\" sizes=\"auto, (max-width: 108px) 100vw, 108px\" \/>Chair(e) de poule #22<\/a><\/div>\n<div class=\"category-thumbnail-list-item\"><a href=\"https:\/\/lmg-nevroplasticienne.com\/?p=4733\" title=\"Chair(e) de poule #21\"><img loading=\"lazy\" decoding=\"async\" width=\"108\" height=\"150\" src=\"https:\/\/lmg-nevroplasticienne.com\/wp-content\/uploads\/2013\/11\/chaire-de-poule-211-108x150.jpg\" class=\"attachment-thumbnail size-thumbnail wp-post-image\" alt=\"\" srcset=\"https:\/\/lmg-nevroplasticienne.com\/wp-content\/uploads\/2013\/11\/chaire-de-poule-211-108x150.jpg 108w, https:\/\/lmg-nevroplasticienne.com\/wp-content\/uploads\/2013\/11\/chaire-de-poule-211-217x300.jpg 217w, https:\/\/lmg-nevroplasticienne.com\/wp-content\/uploads\/2013\/11\/chaire-de-poule-211.jpg 500w\" sizes=\"auto, (max-width: 108px) 100vw, 108px\" \/>Chair(e) de poule #21<\/a><\/div>\n<div class=\"category-thumbnail-list-item\"><a href=\"https:\/\/lmg-nevroplasticienne.com\/?p=4730\" title=\"Chair(e) de poule #20\"><img loading=\"lazy\" decoding=\"async\" width=\"108\" height=\"150\" src=\"https:\/\/lmg-nevroplasticienne.com\/wp-content\/uploads\/2013\/11\/chaire-de-poule-201-108x150.jpg\" class=\"attachment-thumbnail size-thumbnail wp-post-image\" alt=\"\" srcset=\"https:\/\/lmg-nevroplasticienne.com\/wp-content\/uploads\/2013\/11\/chaire-de-poule-201-108x150.jpg 108w, https:\/\/lmg-nevroplasticienne.com\/wp-content\/uploads\/2013\/11\/chaire-de-poule-201-217x300.jpg 217w, https:\/\/lmg-nevroplasticienne.com\/wp-content\/uploads\/2013\/11\/chaire-de-poule-201.jpg 500w\" sizes=\"auto, (max-width: 108px) 100vw, 108px\" \/>Chair(e) de poule #20<\/a><\/div>\n<div class=\"category-thumbnail-list-item\"><a href=\"https:\/\/lmg-nevroplasticienne.com\/?p=4720\" title=\"Chair(e) de poule #19\"><img loading=\"lazy\" decoding=\"async\" width=\"108\" height=\"150\" src=\"https:\/\/lmg-nevroplasticienne.com\/wp-content\/uploads\/2013\/11\/chaire-de-poule-191-108x150.jpg\" class=\"attachment-thumbnail size-thumbnail wp-post-image\" alt=\"\" srcset=\"https:\/\/lmg-nevroplasticienne.com\/wp-content\/uploads\/2013\/11\/chaire-de-poule-191-108x150.jpg 108w, https:\/\/lmg-nevroplasticienne.com\/wp-content\/uploads\/2013\/11\/chaire-de-poule-191-217x300.jpg 217w, https:\/\/lmg-nevroplasticienne.com\/wp-content\/uploads\/2013\/11\/chaire-de-poule-191.jpg 500w\" sizes=\"auto, (max-width: 108px) 100vw, 108px\" \/>Chair(e) de poule #19<\/a><\/div>\n<div class=\"category-thumbnail-list-item\"><a href=\"https:\/\/lmg-nevroplasticienne.com\/?p=4716\" title=\"Chair(e) de poule #18\"><img loading=\"lazy\" decoding=\"async\" width=\"108\" height=\"150\" src=\"https:\/\/lmg-nevroplasticienne.com\/wp-content\/uploads\/2013\/11\/chaire-de-poule-181-108x150.jpg\" class=\"attachment-thumbnail size-thumbnail wp-post-image\" alt=\"\" srcset=\"https:\/\/lmg-nevroplasticienne.com\/wp-content\/uploads\/2013\/11\/chaire-de-poule-181-108x150.jpg 108w, https:\/\/lmg-nevroplasticienne.com\/wp-content\/uploads\/2013\/11\/chaire-de-poule-181-217x300.jpg 217w, https:\/\/lmg-nevroplasticienne.com\/wp-content\/uploads\/2013\/11\/chaire-de-poule-181.jpg 500w\" sizes=\"auto, (max-width: 108px) 100vw, 108px\" \/>Chair(e) de poule #18<\/a><\/div>\n<div class=\"category-thumbnail-list-item\"><a href=\"https:\/\/lmg-nevroplasticienne.com\/?p=4713\" title=\"Chair(e) de poule #17\"><img loading=\"lazy\" decoding=\"async\" width=\"108\" height=\"150\" src=\"https:\/\/lmg-nevroplasticienne.com\/wp-content\/uploads\/2013\/11\/chaire-de-poule-17-108x150.jpg\" class=\"attachment-thumbnail size-thumbnail wp-post-image\" alt=\"\" srcset=\"https:\/\/lmg-nevroplasticienne.com\/wp-content\/uploads\/2013\/11\/chaire-de-poule-17-108x150.jpg 108w, https:\/\/lmg-nevroplasticienne.com\/wp-content\/uploads\/2013\/11\/chaire-de-poule-17-217x300.jpg 217w, https:\/\/lmg-nevroplasticienne.com\/wp-content\/uploads\/2013\/11\/chaire-de-poule-17-740x1024.jpg 740w, https:\/\/lmg-nevroplasticienne.com\/wp-content\/uploads\/2013\/11\/chaire-de-poule-17.jpg 2008w\" sizes=\"auto, (max-width: 108px) 100vw, 108px\" \/>Chair(e) de poule #17<\/a><\/div>\n<div class=\"category-thumbnail-list-item\"><a href=\"https:\/\/lmg-nevroplasticienne.com\/?p=4710\" title=\"Chair(e) de poule #16\"><img loading=\"lazy\" decoding=\"async\" width=\"108\" height=\"150\" src=\"https:\/\/lmg-nevroplasticienne.com\/wp-content\/uploads\/2013\/11\/chaire-de-poule-16-108x150.jpg\" class=\"attachment-thumbnail size-thumbnail wp-post-image\" alt=\"\" srcset=\"https:\/\/lmg-nevroplasticienne.com\/wp-content\/uploads\/2013\/11\/chaire-de-poule-16-108x150.jpg 108w, https:\/\/lmg-nevroplasticienne.com\/wp-content\/uploads\/2013\/11\/chaire-de-poule-16-217x300.jpg 217w, https:\/\/lmg-nevroplasticienne.com\/wp-content\/uploads\/2013\/11\/chaire-de-poule-16.jpg 500w\" sizes=\"auto, (max-width: 108px) 100vw, 108px\" \/>Chair(e) de poule #16<\/a><\/div>\n<div class=\"category-thumbnail-list-item\"><a href=\"https:\/\/lmg-nevroplasticienne.com\/?p=4707\" title=\"Chair(e) de poule #15\"><img loading=\"lazy\" decoding=\"async\" width=\"108\" height=\"150\" src=\"https:\/\/lmg-nevroplasticienne.com\/wp-content\/uploads\/2013\/11\/chaire-de-poule-15-108x150.jpg\" class=\"attachment-thumbnail size-thumbnail wp-post-image\" alt=\"\" srcset=\"https:\/\/lmg-nevroplasticienne.com\/wp-content\/uploads\/2013\/11\/chaire-de-poule-15-108x150.jpg 108w, https:\/\/lmg-nevroplasticienne.com\/wp-content\/uploads\/2013\/11\/chaire-de-poule-15-217x300.jpg 217w, https:\/\/lmg-nevroplasticienne.com\/wp-content\/uploads\/2013\/11\/chaire-de-poule-15.jpg 500w\" sizes=\"auto, (max-width: 108px) 100vw, 108px\" \/>Chair(e) de poule #15<\/a><\/div>\n<div class=\"category-thumbnail-list-item\"><a href=\"https:\/\/lmg-nevroplasticienne.com\/?p=4704\" title=\"Chair(e) de poule #14\"><img loading=\"lazy\" decoding=\"async\" width=\"108\" height=\"150\" src=\"https:\/\/lmg-nevroplasticienne.com\/wp-content\/uploads\/2013\/11\/chaire-de-poule-14-108x150.jpg\" class=\"attachment-thumbnail size-thumbnail wp-post-image\" alt=\"\" srcset=\"https:\/\/lmg-nevroplasticienne.com\/wp-content\/uploads\/2013\/11\/chaire-de-poule-14-108x150.jpg 108w, https:\/\/lmg-nevroplasticienne.com\/wp-content\/uploads\/2013\/11\/chaire-de-poule-14-217x300.jpg 217w, https:\/\/lmg-nevroplasticienne.com\/wp-content\/uploads\/2013\/11\/chaire-de-poule-14.jpg 500w\" sizes=\"auto, (max-width: 108px) 100vw, 108px\" \/>Chair(e) de poule #14<\/a><\/div>\n<div class=\"category-thumbnail-list-item\"><a href=\"https:\/\/lmg-nevroplasticienne.com\/?p=4701\" title=\"Chair(e) de poule #13\"><img loading=\"lazy\" decoding=\"async\" width=\"108\" height=\"150\" src=\"https:\/\/lmg-nevroplasticienne.com\/wp-content\/uploads\/2013\/11\/chaire-de-poule-13-108x150.jpg\" class=\"attachment-thumbnail size-thumbnail wp-post-image\" alt=\"\" srcset=\"https:\/\/lmg-nevroplasticienne.com\/wp-content\/uploads\/2013\/11\/chaire-de-poule-13-108x150.jpg 108w, https:\/\/lmg-nevroplasticienne.com\/wp-content\/uploads\/2013\/11\/chaire-de-poule-13-217x300.jpg 217w, https:\/\/lmg-nevroplasticienne.com\/wp-content\/uploads\/2013\/11\/chaire-de-poule-13.jpg 500w\" sizes=\"auto, (max-width: 108px) 100vw, 108px\" \/>Chair(e) de poule #13<\/a><\/div>\n<div class=\"category-thumbnail-list-item\"><a href=\"https:\/\/lmg-nevroplasticienne.com\/?p=4697\" title=\"Chair(e) de poule #12\"><img loading=\"lazy\" decoding=\"async\" width=\"108\" height=\"150\" src=\"https:\/\/lmg-nevroplasticienne.com\/wp-content\/uploads\/2013\/11\/chaire-de-poule-121-108x150.jpg\" class=\"attachment-thumbnail size-thumbnail wp-post-image\" alt=\"\" srcset=\"https:\/\/lmg-nevroplasticienne.com\/wp-content\/uploads\/2013\/11\/chaire-de-poule-121-108x150.jpg 108w, https:\/\/lmg-nevroplasticienne.com\/wp-content\/uploads\/2013\/11\/chaire-de-poule-121-217x300.jpg 217w, https:\/\/lmg-nevroplasticienne.com\/wp-content\/uploads\/2013\/11\/chaire-de-poule-121.jpg 500w\" sizes=\"auto, (max-width: 108px) 100vw, 108px\" \/>Chair(e) de poule #12<\/a><\/div>\n<div class=\"category-thumbnail-list-item\"><a href=\"https:\/\/lmg-nevroplasticienne.com\/?p=4694\" title=\"Chair(e) de poule #11\"><img loading=\"lazy\" decoding=\"async\" width=\"108\" height=\"150\" src=\"https:\/\/lmg-nevroplasticienne.com\/wp-content\/uploads\/2013\/11\/chaire-de-poule-113-108x150.jpg\" class=\"attachment-thumbnail size-thumbnail wp-post-image\" alt=\"\" srcset=\"https:\/\/lmg-nevroplasticienne.com\/wp-content\/uploads\/2013\/11\/chaire-de-poule-113-108x150.jpg 108w, https:\/\/lmg-nevroplasticienne.com\/wp-content\/uploads\/2013\/11\/chaire-de-poule-113-217x300.jpg 217w, https:\/\/lmg-nevroplasticienne.com\/wp-content\/uploads\/2013\/11\/chaire-de-poule-113.jpg 500w\" sizes=\"auto, (max-width: 108px) 100vw, 108px\" \/>Chair(e) de poule #11<\/a><\/div>\n<div class=\"category-thumbnail-list-item\"><a href=\"https:\/\/lmg-nevroplasticienne.com\/?p=4679\" title=\"Chair(e) de poule #10\"><img loading=\"lazy\" decoding=\"async\" width=\"108\" height=\"150\" src=\"https:\/\/lmg-nevroplasticienne.com\/wp-content\/uploads\/2013\/11\/chaire-de-poule-10-108x150.jpg\" class=\"attachment-thumbnail size-thumbnail wp-post-image\" alt=\"\" srcset=\"https:\/\/lmg-nevroplasticienne.com\/wp-content\/uploads\/2013\/11\/chaire-de-poule-10-108x150.jpg 108w, https:\/\/lmg-nevroplasticienne.com\/wp-content\/uploads\/2013\/11\/chaire-de-poule-10-217x300.jpg 217w, https:\/\/lmg-nevroplasticienne.com\/wp-content\/uploads\/2013\/11\/chaire-de-poule-10.jpg 500w\" sizes=\"auto, (max-width: 108px) 100vw, 108px\" \/>Chair(e) de poule #10<\/a><\/div>\n<div class=\"category-thumbnail-list-item\"><a href=\"https:\/\/lmg-nevroplasticienne.com\/?p=4676\" title=\"Chair(e) de poule #9\"><img loading=\"lazy\" decoding=\"async\" width=\"108\" height=\"150\" src=\"https:\/\/lmg-nevroplasticienne.com\/wp-content\/uploads\/2013\/11\/chaire-de-poule-9-108x150.jpg\" class=\"attachment-thumbnail size-thumbnail wp-post-image\" alt=\"\" srcset=\"https:\/\/lmg-nevroplasticienne.com\/wp-content\/uploads\/2013\/11\/chaire-de-poule-9-108x150.jpg 108w, https:\/\/lmg-nevroplasticienne.com\/wp-content\/uploads\/2013\/11\/chaire-de-poule-9-217x300.jpg 217w, https:\/\/lmg-nevroplasticienne.com\/wp-content\/uploads\/2013\/11\/chaire-de-poule-9.jpg 500w\" sizes=\"auto, (max-width: 108px) 100vw, 108px\" \/>Chair(e) de poule #9<\/a><\/div>\n<div class=\"category-thumbnail-list-item\"><a href=\"https:\/\/lmg-nevroplasticienne.com\/?p=4673\" title=\"Chair(e) de poule #8\"><img loading=\"lazy\" decoding=\"async\" width=\"108\" height=\"150\" src=\"https:\/\/lmg-nevroplasticienne.com\/wp-content\/uploads\/2013\/11\/chaire-de-poule-8-108x150.jpg\" class=\"attachment-thumbnail size-thumbnail wp-post-image\" alt=\"\" srcset=\"https:\/\/lmg-nevroplasticienne.com\/wp-content\/uploads\/2013\/11\/chaire-de-poule-8-108x150.jpg 108w, https:\/\/lmg-nevroplasticienne.com\/wp-content\/uploads\/2013\/11\/chaire-de-poule-8-217x300.jpg 217w, https:\/\/lmg-nevroplasticienne.com\/wp-content\/uploads\/2013\/11\/chaire-de-poule-8.jpg 500w\" sizes=\"auto, (max-width: 108px) 100vw, 108px\" \/>Chair(e) de poule #8<\/a><\/div>\n<div class=\"category-thumbnail-list-item\"><a href=\"https:\/\/lmg-nevroplasticienne.com\/?p=4669\" title=\"Chair(e) de poule #7\"><img loading=\"lazy\" decoding=\"async\" width=\"108\" height=\"150\" src=\"https:\/\/lmg-nevroplasticienne.com\/wp-content\/uploads\/2013\/11\/chaire-de-poule-7-108x150.jpg\" class=\"attachment-thumbnail size-thumbnail wp-post-image\" alt=\"\" srcset=\"https:\/\/lmg-nevroplasticienne.com\/wp-content\/uploads\/2013\/11\/chaire-de-poule-7-108x150.jpg 108w, https:\/\/lmg-nevroplasticienne.com\/wp-content\/uploads\/2013\/11\/chaire-de-poule-7-217x300.jpg 217w, https:\/\/lmg-nevroplasticienne.com\/wp-content\/uploads\/2013\/11\/chaire-de-poule-7.jpg 500w\" sizes=\"auto, (max-width: 108px) 100vw, 108px\" \/>Chair(e) de poule #7<\/a><\/div>\n<div class=\"category-thumbnail-list-item\"><a href=\"https:\/\/lmg-nevroplasticienne.com\/?p=4665\" title=\"Chair(e) de poule #6\"><img loading=\"lazy\" decoding=\"async\" width=\"108\" height=\"150\" src=\"https:\/\/lmg-nevroplasticienne.com\/wp-content\/uploads\/2013\/11\/chaire-de-poule-6-108x150.jpg\" class=\"attachment-thumbnail size-thumbnail wp-post-image\" alt=\"\" srcset=\"https:\/\/lmg-nevroplasticienne.com\/wp-content\/uploads\/2013\/11\/chaire-de-poule-6-108x150.jpg 108w, https:\/\/lmg-nevroplasticienne.com\/wp-content\/uploads\/2013\/11\/chaire-de-poule-6-217x300.jpg 217w, https:\/\/lmg-nevroplasticienne.com\/wp-content\/uploads\/2013\/11\/chaire-de-poule-6.jpg 500w\" sizes=\"auto, (max-width: 108px) 100vw, 108px\" \/>Chair(e) de poule #6<\/a><\/div>\n<div class=\"category-thumbnail-list-item\"><a href=\"https:\/\/lmg-nevroplasticienne.com\/?p=4661\" title=\"Chair(e) de poule #5\"><img loading=\"lazy\" decoding=\"async\" width=\"108\" height=\"150\" src=\"https:\/\/lmg-nevroplasticienne.com\/wp-content\/uploads\/2013\/11\/chaire-de-poule-5-108x150.jpg\" class=\"attachment-thumbnail size-thumbnail wp-post-image\" alt=\"\" srcset=\"https:\/\/lmg-nevroplasticienne.com\/wp-content\/uploads\/2013\/11\/chaire-de-poule-5-108x150.jpg 108w, https:\/\/lmg-nevroplasticienne.com\/wp-content\/uploads\/2013\/11\/chaire-de-poule-5-217x300.jpg 217w, https:\/\/lmg-nevroplasticienne.com\/wp-content\/uploads\/2013\/11\/chaire-de-poule-5.jpg 500w\" sizes=\"auto, (max-width: 108px) 100vw, 108px\" \/>Chair(e) de poule #5<\/a><\/div>\n<div class=\"category-thumbnail-list-item\"><a href=\"https:\/\/lmg-nevroplasticienne.com\/?p=4656\" title=\"Chair(e) de poule #4\"><img loading=\"lazy\" decoding=\"async\" width=\"108\" height=\"150\" src=\"https:\/\/lmg-nevroplasticienne.com\/wp-content\/uploads\/2013\/11\/chaire-de-poule-4-108x150.jpg\" class=\"attachment-thumbnail size-thumbnail wp-post-image\" alt=\"\" srcset=\"https:\/\/lmg-nevroplasticienne.com\/wp-content\/uploads\/2013\/11\/chaire-de-poule-4-108x150.jpg 108w, https:\/\/lmg-nevroplasticienne.com\/wp-content\/uploads\/2013\/11\/chaire-de-poule-4-217x300.jpg 217w, https:\/\/lmg-nevroplasticienne.com\/wp-content\/uploads\/2013\/11\/chaire-de-poule-4.jpg 500w\" sizes=\"auto, (max-width: 108px) 100vw, 108px\" \/>Chair(e) de poule #4<\/a><\/div>\n<div class=\"category-thumbnail-list-item\"><a href=\"https:\/\/lmg-nevroplasticienne.com\/?p=4652\" title=\"Chair(e) de poule #3\"><img loading=\"lazy\" decoding=\"async\" width=\"108\" height=\"150\" src=\"https:\/\/lmg-nevroplasticienne.com\/wp-content\/uploads\/2013\/11\/chaire-de-poule-3-108x150.jpg\" class=\"attachment-thumbnail size-thumbnail wp-post-image\" alt=\"\" srcset=\"https:\/\/lmg-nevroplasticienne.com\/wp-content\/uploads\/2013\/11\/chaire-de-poule-3-108x150.jpg 108w, https:\/\/lmg-nevroplasticienne.com\/wp-content\/uploads\/2013\/11\/chaire-de-poule-3-217x300.jpg 217w, https:\/\/lmg-nevroplasticienne.com\/wp-content\/uploads\/2013\/11\/chaire-de-poule-3.jpg 500w\" sizes=\"auto, (max-width: 108px) 100vw, 108px\" \/>Chair(e) de poule #3<\/a><\/div>\n<div class=\"category-thumbnail-list-item\"><a href=\"https:\/\/lmg-nevroplasticienne.com\/?p=4648\" title=\"Chair(e) de poule #2\"><img loading=\"lazy\" decoding=\"async\" width=\"108\" height=\"150\" src=\"https:\/\/lmg-nevroplasticienne.com\/wp-content\/uploads\/2013\/11\/chaire-de-poule-2-108x150.jpg\" class=\"attachment-thumbnail size-thumbnail wp-post-image\" alt=\"\" srcset=\"https:\/\/lmg-nevroplasticienne.com\/wp-content\/uploads\/2013\/11\/chaire-de-poule-2-108x150.jpg 108w, https:\/\/lmg-nevroplasticienne.com\/wp-content\/uploads\/2013\/11\/chaire-de-poule-2-217x300.jpg 217w, https:\/\/lmg-nevroplasticienne.com\/wp-content\/uploads\/2013\/11\/chaire-de-poule-2.jpg 500w\" sizes=\"auto, (max-width: 108px) 100vw, 108px\" \/>Chair(e) de poule #2<\/a><\/div>\n<div class=\"category-thumbnail-list-item\"><a href=\"https:\/\/lmg-nevroplasticienne.com\/?p=4641\" title=\"Chair(e) de poule #1\"><img loading=\"lazy\" decoding=\"async\" width=\"108\" height=\"150\" src=\"https:\/\/lmg-nevroplasticienne.com\/wp-content\/uploads\/2013\/11\/chaire-de-poule-11-108x150.jpg\" class=\"attachment-thumbnail size-thumbnail wp-post-image\" alt=\"\" srcset=\"https:\/\/lmg-nevroplasticienne.com\/wp-content\/uploads\/2013\/11\/chaire-de-poule-11-108x150.jpg 108w, https:\/\/lmg-nevroplasticienne.com\/wp-content\/uploads\/2013\/11\/chaire-de-poule-11-217x300.jpg 217w, https:\/\/lmg-nevroplasticienne.com\/wp-content\/uploads\/2013\/11\/chaire-de-poule-11.jpg 500w\" sizes=\"auto, (max-width: 108px) 100vw, 108px\" \/>Chair(e) de poule #1<\/a><\/div>\n<\/div>\n","protected":false},"excerpt":{"rendered":"<p>Interrogeant les passerelles f\u00e9condes entre les arts plastiques et d\u2019autres formes de repr\u00e9sentations, LMG est associ\u00e9e au projet Chair(e) de Poule de la com\u00e9dienne Janie Follet, rencontr\u00e9e lors d\u2019un stage orchestr\u00e9 par Michel Azama, Lire, \u00e9crire et jouer le th\u00e9\u00e2tre &hellip; <a href=\"https:\/\/lmg-nevroplasticienne.com\/?page_id=4613\">Continuer la lecture <span class=\"meta-nav\">&rarr;<\/span><\/a><\/p>\n","protected":false},"author":1,"featured_media":0,"parent":0,"menu_order":0,"comment_status":"closed","ping_status":"open","template":"","meta":{"footnotes":""},"class_list":["post-4613","page","type-page","status-publish","hentry"],"_links":{"self":[{"href":"https:\/\/lmg-nevroplasticienne.com\/index.php?rest_route=\/wp\/v2\/pages\/4613","targetHints":{"allow":["GET"]}}],"collection":[{"href":"https:\/\/lmg-nevroplasticienne.com\/index.php?rest_route=\/wp\/v2\/pages"}],"about":[{"href":"https:\/\/lmg-nevroplasticienne.com\/index.php?rest_route=\/wp\/v2\/types\/page"}],"author":[{"embeddable":true,"href":"https:\/\/lmg-nevroplasticienne.com\/index.php?rest_route=\/wp\/v2\/users\/1"}],"replies":[{"embeddable":true,"href":"https:\/\/lmg-nevroplasticienne.com\/index.php?rest_route=%2Fwp%2Fv2%2Fcomments&post=4613"}],"version-history":[{"count":50,"href":"https:\/\/lmg-nevroplasticienne.com\/index.php?rest_route=\/wp\/v2\/pages\/4613\/revisions"}],"predecessor-version":[{"id":6017,"href":"https:\/\/lmg-nevroplasticienne.com\/index.php?rest_route=\/wp\/v2\/pages\/4613\/revisions\/6017"}],"wp:attachment":[{"href":"https:\/\/lmg-nevroplasticienne.com\/index.php?rest_route=%2Fwp%2Fv2%2Fmedia&parent=4613"}],"curies":[{"name":"wp","href":"https:\/\/api.w.org\/{rel}","templated":true}]}}