{"id":3816,"date":"2013-06-21T12:46:02","date_gmt":"2013-06-21T12:46:02","guid":{"rendered":"http:\/\/lmg-nevroplasticienne.com\/?page_id=3816"},"modified":"2013-12-30T11:11:40","modified_gmt":"2013-12-30T11:11:40","slug":"les-reliquaires","status":"publish","type":"page","link":"https:\/\/lmg-nevroplasticienne.com\/?page_id=3816","title":{"rendered":"Les Reliquaires"},"content":{"rendered":"<p style=\"text-align: justify;\"><a href=\"https:\/\/lmg-nevroplasticienne.com\/?attachment_id=3822\" rel=\"attachment wp-att-3822\"><img loading=\"lazy\" decoding=\"async\" class=\"alignleft size-full wp-image-3822\" title=\"LMG Les Reliquaires\" src=\"https:\/\/lmg-nevroplasticienne.com\/wp-content\/uploads\/2013\/06\/LMG-Les-Reliquaires.jpg\" alt=\"\" width=\"400\" height=\"400\" srcset=\"https:\/\/lmg-nevroplasticienne.com\/wp-content\/uploads\/2013\/06\/LMG-Les-Reliquaires.jpg 400w, https:\/\/lmg-nevroplasticienne.com\/wp-content\/uploads\/2013\/06\/LMG-Les-Reliquaires-150x150.jpg 150w, https:\/\/lmg-nevroplasticienne.com\/wp-content\/uploads\/2013\/06\/LMG-Les-Reliquaires-300x300.jpg 300w\" sizes=\"auto, (max-width: 400px) 100vw, 400px\" \/><\/a>Un reliquaire est un objet symbolique, \u00e0 la fois support et bo\u00eete, qui contient toujours un myst\u00e8re et qui pr\u00e9sente tout en s\u00e9parant du monde ce qui est pr\u00e9cieux, fragile, sacralis\u00e9. La tradition de cr\u00e9er des reliquaires est un art tr\u00e8s ancien qui prot\u00e8ge et pr\u00e9serve des reliques pr\u00e9cieuses, constituant ainsi l\u2019ordre \u00e0 partir du chaos. Initi\u00e9e en 2013, la s\u00e9rie<em> Les<\/em> <em>Reliquaires <\/em>regroupe des fragments anatomiques sculpt\u00e9s, que LMG pr\u00e9sente sous des cadres bomb\u00e9s ou dans des vieux meubles qu\u2019elle restaure et qui font partie int\u00e9grante de sa cr\u00e9ation.<em> <\/em>Si par ailleurs on retrouve des ossements r\u00e9els dans certaines de ses sculptures, ici LMG se fait \u00e9galement faussaire et r\u00e9alise dans des mat\u00e9riaux h\u00e9t\u00e9roclites des reliques factices, cr\u00e2nes contrefaits, simili corps amput\u00e9s, fausses chevelures arrach\u00e9es et restes d\u2019ossements ambigus qu\u2019elle darde de pointes, de clous et d\u2019aiguilles, cr\u00e9ant ainsi un monde onirique et acerbe, en vitrines et sous tiroirs. Ainsi, entre acupuncture \u00e9trange et signes vaudou, <em>Les<\/em> <em>Reliquaires<\/em> suscitent la curiosit\u00e9 et questionnent la port\u00e9e magique de l\u2019acte de cr\u00e9ation.<\/p>\n<p style=\"text-align: justify;\"><strong><br \/>\n<\/strong><\/p>\n<div class=\"category-thumbnail-list\">\n<div class=\"category-thumbnail-list-item\"><a href=\"https:\/\/lmg-nevroplasticienne.com\/?p=5017\" title=\"Reliquaire #4\"><img loading=\"lazy\" decoding=\"async\" width=\"150\" height=\"150\" src=\"https:\/\/lmg-nevroplasticienne.com\/wp-content\/uploads\/2013\/12\/LMGreliquaire.jpg\" class=\"attachment-thumbnail size-thumbnail wp-post-image\" alt=\"\" \/>Reliquaire #4<\/a><\/div>\n<div class=\"category-thumbnail-list-item\"><a href=\"https:\/\/lmg-nevroplasticienne.com\/?p=5385\" title=\"Reliquaire #3\"><img loading=\"lazy\" decoding=\"async\" width=\"150\" height=\"150\" src=\"https:\/\/lmg-nevroplasticienne.com\/wp-content\/uploads\/2014\/06\/reliquaireLMG.jpg\" class=\"attachment-thumbnail size-thumbnail wp-post-image\" alt=\"\" \/>Reliquaire #3<\/a><\/div>\n<div class=\"category-thumbnail-list-item\"><a href=\"https:\/\/lmg-nevroplasticienne.com\/?p=5010\" title=\"Reliquaire #2\"><img loading=\"lazy\" decoding=\"async\" width=\"150\" height=\"150\" src=\"https:\/\/lmg-nevroplasticienne.com\/wp-content\/uploads\/2013\/12\/LMG-reliquaire2.jpg\" class=\"attachment-thumbnail size-thumbnail wp-post-image\" alt=\"\" \/>Reliquaire #2<\/a><\/div>\n<div class=\"category-thumbnail-list-item\"><a href=\"https:\/\/lmg-nevroplasticienne.com\/?p=5005\" title=\"Reliquaire #1\"><img loading=\"lazy\" decoding=\"async\" width=\"150\" height=\"150\" src=\"https:\/\/lmg-nevroplasticienne.com\/wp-content\/uploads\/2013\/12\/LMGreliquaire1.jpg\" class=\"attachment-thumbnail size-thumbnail wp-post-image\" alt=\"\" \/>Reliquaire #1<\/a><\/div>\n<\/div>\n","protected":false},"excerpt":{"rendered":"<p>Un reliquaire est un objet symbolique, \u00e0 la fois support et bo\u00eete, qui contient toujours un myst\u00e8re et qui pr\u00e9sente tout en s\u00e9parant du monde ce qui est pr\u00e9cieux, fragile, sacralis\u00e9. La tradition de cr\u00e9er des reliquaires est un art &hellip; <a href=\"https:\/\/lmg-nevroplasticienne.com\/?page_id=3816\">Continuer la lecture <span class=\"meta-nav\">&rarr;<\/span><\/a><\/p>\n","protected":false},"author":1,"featured_media":0,"parent":0,"menu_order":0,"comment_status":"closed","ping_status":"open","template":"","meta":{"footnotes":""},"class_list":["post-3816","page","type-page","status-publish","hentry"],"_links":{"self":[{"href":"https:\/\/lmg-nevroplasticienne.com\/index.php?rest_route=\/wp\/v2\/pages\/3816","targetHints":{"allow":["GET"]}}],"collection":[{"href":"https:\/\/lmg-nevroplasticienne.com\/index.php?rest_route=\/wp\/v2\/pages"}],"about":[{"href":"https:\/\/lmg-nevroplasticienne.com\/index.php?rest_route=\/wp\/v2\/types\/page"}],"author":[{"embeddable":true,"href":"https:\/\/lmg-nevroplasticienne.com\/index.php?rest_route=\/wp\/v2\/users\/1"}],"replies":[{"embeddable":true,"href":"https:\/\/lmg-nevroplasticienne.com\/index.php?rest_route=%2Fwp%2Fv2%2Fcomments&post=3816"}],"version-history":[{"count":24,"href":"https:\/\/lmg-nevroplasticienne.com\/index.php?rest_route=\/wp\/v2\/pages\/3816\/revisions"}],"predecessor-version":[{"id":3818,"href":"https:\/\/lmg-nevroplasticienne.com\/index.php?rest_route=\/wp\/v2\/pages\/3816\/revisions\/3818"}],"wp:attachment":[{"href":"https:\/\/lmg-nevroplasticienne.com\/index.php?rest_route=%2Fwp%2Fv2%2Fmedia&parent=3816"}],"curies":[{"name":"wp","href":"https:\/\/api.w.org\/{rel}","templated":true}]}}