{"id":3732,"date":"2013-06-10T09:05:40","date_gmt":"2013-06-10T09:05:40","guid":{"rendered":"http:\/\/lmg-nevroplasticienne.com\/?page_id=3732"},"modified":"2013-12-30T10:04:55","modified_gmt":"2013-12-30T10:04:55","slug":"les-ossuaires","status":"publish","type":"page","link":"https:\/\/lmg-nevroplasticienne.com\/?page_id=3732","title":{"rendered":"Les Ossuaires"},"content":{"rendered":"<p style=\"text-align: justify;\"><a href=\"https:\/\/lmg-nevroplasticienne.com\/?attachment_id=3738\" rel=\"attachment wp-att-3738\"><img loading=\"lazy\" decoding=\"async\" class=\"alignleft size-full wp-image-3738\" title=\"Les Ossuaires\" src=\"https:\/\/lmg-nevroplasticienne.com\/wp-content\/uploads\/2013\/06\/Les-Ossuaires.jpg\" alt=\"\" width=\"400\" height=\"400\" srcset=\"https:\/\/lmg-nevroplasticienne.com\/wp-content\/uploads\/2013\/06\/Les-Ossuaires.jpg 400w, https:\/\/lmg-nevroplasticienne.com\/wp-content\/uploads\/2013\/06\/Les-Ossuaires-150x150.jpg 150w, https:\/\/lmg-nevroplasticienne.com\/wp-content\/uploads\/2013\/06\/Les-Ossuaires-300x300.jpg 300w\" sizes=\"auto, (max-width: 400px) 100vw, 400px\" \/><\/a>La s\u00e9rie <em>Les Ossuaires<\/em> rassemble des fragments concrets de mort, notamment des ossements humains, des cadavres s\u00e9ch\u00e9s d\u2019animaux et des squelettes de vert\u00e9br\u00e9s, \u00e0 qui LMG offre une seconde vie. Alors qu\u2019autrefois les cadavres \u00e9taient exhib\u00e9s sans tabou (lors des toilettes mortuaires, pour des photographies <em>post-mortem<\/em>, dans des morgues publiques, cort\u00e8ges fun\u00e9raires ou chapelles ardentes) aujourd\u2019hui la mort est devenue un sujet obsc\u00e8ne et mal per\u00e7u. De ph\u00e9nom\u00e8ne public, \u00e0 pr\u00e9sent l&rsquo;agonie est devenue m\u00e9dicalis\u00e9e et la mort d\u00e9rob\u00e9e, emportant avec elles la figure du corps mort. Or, cacher la (le) mort n\u2019\u00e9limine pas pour autant la peur suscit\u00e9e, au contraire.\u00a0Puisque nous nous confrontons \u00e0 un r\u00e9el d\u00e9sarroi face \u00e0 la mort charnelle, LMG replace la question du gisant au centre de sa r\u00e9flexion et affirme\u00a0une esth\u00e9tisation de la mort, trouvant la beaut\u00e9 dans le macabre. Les d\u00e9pouilles et ossements deviennent les m\u00e9taphores des d\u00e9funts d\u2019autrefois, et nous laissent entrevoir ce que \u00a0nous cherchons \u00e0 dissimuler\u00a0: la mort, le cadavre et leurs avatars.<\/p>\n<p><strong><br \/>\n<\/strong><\/p>\n<div class=\"category-thumbnail-list\">\n<div class=\"category-thumbnail-list-item\"><a href=\"https:\/\/lmg-nevroplasticienne.com\/?p=4959\" title=\"Les Ossuaires n\u00b05\"><img loading=\"lazy\" decoding=\"async\" width=\"150\" height=\"115\" src=\"https:\/\/lmg-nevroplasticienne.com\/wp-content\/uploads\/2013\/12\/LMG51-150x115.jpg\" class=\"attachment-thumbnail size-thumbnail wp-post-image\" alt=\"\" srcset=\"https:\/\/lmg-nevroplasticienne.com\/wp-content\/uploads\/2013\/12\/LMG51-150x115.jpg 150w, https:\/\/lmg-nevroplasticienne.com\/wp-content\/uploads\/2013\/12\/LMG51-300x231.jpg 300w, https:\/\/lmg-nevroplasticienne.com\/wp-content\/uploads\/2013\/12\/LMG51-388x300.jpg 388w, https:\/\/lmg-nevroplasticienne.com\/wp-content\/uploads\/2013\/12\/LMG51.jpg 907w\" sizes=\"auto, (max-width: 150px) 100vw, 150px\" \/>Les Ossuaires n\u00b05<\/a><\/div>\n<div class=\"category-thumbnail-list-item\"><a href=\"https:\/\/lmg-nevroplasticienne.com\/?p=4956\" title=\"Les Ossuaires n\u00b04\"><img loading=\"lazy\" decoding=\"async\" width=\"125\" height=\"150\" src=\"https:\/\/lmg-nevroplasticienne.com\/wp-content\/uploads\/2013\/12\/LMG4-125x150.jpg\" class=\"attachment-thumbnail size-thumbnail wp-post-image\" alt=\"\" srcset=\"https:\/\/lmg-nevroplasticienne.com\/wp-content\/uploads\/2013\/12\/LMG4-125x150.jpg 125w, https:\/\/lmg-nevroplasticienne.com\/wp-content\/uploads\/2013\/12\/LMG4-251x300.jpg 251w, https:\/\/lmg-nevroplasticienne.com\/wp-content\/uploads\/2013\/12\/LMG4.jpg 586w\" sizes=\"auto, (max-width: 125px) 100vw, 125px\" \/>Les Ossuaires n\u00b04<\/a><\/div>\n<div class=\"category-thumbnail-list-item\"><a href=\"https:\/\/lmg-nevroplasticienne.com\/?p=4951\" title=\"Les Ossuaires n\u00b03\"><img loading=\"lazy\" decoding=\"async\" width=\"125\" height=\"150\" src=\"https:\/\/lmg-nevroplasticienne.com\/wp-content\/uploads\/2013\/12\/LMG3-125x150.jpg\" class=\"attachment-thumbnail size-thumbnail wp-post-image\" alt=\"\" srcset=\"https:\/\/lmg-nevroplasticienne.com\/wp-content\/uploads\/2013\/12\/LMG3-125x150.jpg 125w, https:\/\/lmg-nevroplasticienne.com\/wp-content\/uploads\/2013\/12\/LMG3-251x300.jpg 251w, https:\/\/lmg-nevroplasticienne.com\/wp-content\/uploads\/2013\/12\/LMG3.jpg 586w\" sizes=\"auto, (max-width: 125px) 100vw, 125px\" \/>Les Ossuaires n\u00b03<\/a><\/div>\n<div class=\"category-thumbnail-list-item\"><a href=\"https:\/\/lmg-nevroplasticienne.com\/?p=4947\" title=\"Les Ossuaires n\u00b02\"><img loading=\"lazy\" decoding=\"async\" width=\"125\" height=\"150\" src=\"https:\/\/lmg-nevroplasticienne.com\/wp-content\/uploads\/2013\/12\/LMG2-125x150.jpg\" class=\"attachment-thumbnail size-thumbnail wp-post-image\" alt=\"\" srcset=\"https:\/\/lmg-nevroplasticienne.com\/wp-content\/uploads\/2013\/12\/LMG2-125x150.jpg 125w, https:\/\/lmg-nevroplasticienne.com\/wp-content\/uploads\/2013\/12\/LMG2-251x300.jpg 251w, https:\/\/lmg-nevroplasticienne.com\/wp-content\/uploads\/2013\/12\/LMG2.jpg 586w\" sizes=\"auto, (max-width: 125px) 100vw, 125px\" \/>Les Ossuaires n\u00b02<\/a><\/div>\n<div class=\"category-thumbnail-list-item\"><a href=\"https:\/\/lmg-nevroplasticienne.com\/?p=4942\" title=\"Les Ossuaires n\u00b01\"><img loading=\"lazy\" decoding=\"async\" width=\"125\" height=\"150\" src=\"https:\/\/lmg-nevroplasticienne.com\/wp-content\/uploads\/2013\/12\/LMG-125x150.jpg\" class=\"attachment-thumbnail size-thumbnail wp-post-image\" alt=\"\" srcset=\"https:\/\/lmg-nevroplasticienne.com\/wp-content\/uploads\/2013\/12\/LMG-125x150.jpg 125w, https:\/\/lmg-nevroplasticienne.com\/wp-content\/uploads\/2013\/12\/LMG-251x300.jpg 251w, https:\/\/lmg-nevroplasticienne.com\/wp-content\/uploads\/2013\/12\/LMG.jpg 586w\" sizes=\"auto, (max-width: 125px) 100vw, 125px\" \/>Les Ossuaires n\u00b01<\/a><\/div>\n<\/div>\n","protected":false},"excerpt":{"rendered":"<p>La s\u00e9rie Les Ossuaires rassemble des fragments concrets de mort, notamment des ossements humains, des cadavres s\u00e9ch\u00e9s d\u2019animaux et des squelettes de vert\u00e9br\u00e9s, \u00e0 qui LMG offre une seconde vie. Alors qu\u2019autrefois les cadavres \u00e9taient exhib\u00e9s sans tabou (lors des &hellip; <a href=\"https:\/\/lmg-nevroplasticienne.com\/?page_id=3732\">Continuer la lecture <span class=\"meta-nav\">&rarr;<\/span><\/a><\/p>\n","protected":false},"author":1,"featured_media":0,"parent":0,"menu_order":0,"comment_status":"closed","ping_status":"open","template":"","meta":{"footnotes":""},"class_list":["post-3732","page","type-page","status-publish","hentry"],"_links":{"self":[{"href":"https:\/\/lmg-nevroplasticienne.com\/index.php?rest_route=\/wp\/v2\/pages\/3732","targetHints":{"allow":["GET"]}}],"collection":[{"href":"https:\/\/lmg-nevroplasticienne.com\/index.php?rest_route=\/wp\/v2\/pages"}],"about":[{"href":"https:\/\/lmg-nevroplasticienne.com\/index.php?rest_route=\/wp\/v2\/types\/page"}],"author":[{"embeddable":true,"href":"https:\/\/lmg-nevroplasticienne.com\/index.php?rest_route=\/wp\/v2\/users\/1"}],"replies":[{"embeddable":true,"href":"https:\/\/lmg-nevroplasticienne.com\/index.php?rest_route=%2Fwp%2Fv2%2Fcomments&post=3732"}],"version-history":[{"count":43,"href":"https:\/\/lmg-nevroplasticienne.com\/index.php?rest_route=\/wp\/v2\/pages\/3732\/revisions"}],"predecessor-version":[{"id":4946,"href":"https:\/\/lmg-nevroplasticienne.com\/index.php?rest_route=\/wp\/v2\/pages\/3732\/revisions\/4946"}],"wp:attachment":[{"href":"https:\/\/lmg-nevroplasticienne.com\/index.php?rest_route=%2Fwp%2Fv2%2Fmedia&parent=3732"}],"curies":[{"name":"wp","href":"https:\/\/api.w.org\/{rel}","templated":true}]}}