{"id":212,"date":"2012-05-16T12:46:14","date_gmt":"2012-05-16T12:46:14","guid":{"rendered":"http:\/\/lmg-nevroplasticienne.com\/?page_id=212"},"modified":"2015-06-06T21:44:32","modified_gmt":"2015-06-06T21:44:32","slug":"baigneurs","status":"publish","type":"page","link":"https:\/\/lmg-nevroplasticienne.com\/?page_id=212","title":{"rendered":"Mes petites fourrures"},"content":{"rendered":"<p>&nbsp;<\/p>\n<p style=\"text-align: justify;\"><a href=\"https:\/\/lmg-nevroplasticienne.com\/?attachment_id=4878\" rel=\"attachment wp-att-4878\"><img loading=\"lazy\" decoding=\"async\" class=\"alignleft size-full wp-image-4878\" title=\"LMG Mes petites fourrures\" src=\"https:\/\/lmg-nevroplasticienne.com\/wp-content\/uploads\/2012\/05\/LMG-Mes-petites-fourrures.jpg\" alt=\"\" width=\"400\" height=\"400\" srcset=\"https:\/\/lmg-nevroplasticienne.com\/wp-content\/uploads\/2012\/05\/LMG-Mes-petites-fourrures.jpg 400w, https:\/\/lmg-nevroplasticienne.com\/wp-content\/uploads\/2012\/05\/LMG-Mes-petites-fourrures-150x150.jpg 150w, https:\/\/lmg-nevroplasticienne.com\/wp-content\/uploads\/2012\/05\/LMG-Mes-petites-fourrures-300x300.jpg 300w\" sizes=\"auto, (max-width: 400px) 100vw, 400px\" \/><\/a>Initi\u00e9e fin 2013, la s\u00e9rie \u00ab\u00a0Mes petites fourrures\u00a0\u00bb consiste en une d\u00e9clinaison des r\u00eaves de LMG, de ses pulsions sexuelles et du sentiment amoureux qui la traverse. Entre test de Rorschach et cadavres exquis, ces cr\u00e9ations interrogent la dimension tactile de l\u2019inconscient et s\u2019envisagent comme une p\u00e9n\u00e9tration tout \u00e0 la fois piquante et douce. Fid\u00e8le aux mat\u00e9riaux non nobles, LMG utilise ici de l\u2019encre noire et son propre sang qu\u2019elle ponctionne elle-m\u00eame dans sa veine cubitale m\u00e9diane gauche ou que le Docteur Fr\u00e9d\u00e9ric Chambre lui pr\u00e9l\u00e8ve, \u00e9galement par ponctions veineuses. LMG utilise ensuite ce sang extrait d\u2019elle, en l\u2019appliquant \u00e0 la plume ou au pinceau, sur des contrecoll\u00e9s blancs, de tailles variables.<\/p>\n<p style=\"text-align: justify;\">Cette s\u00e9rie se composera de 50 cr\u00e9ations qui seront expos\u00e9es et \u00e9dit\u00e9es sous forme de livre-objet en 2016. <a title=\"St\u00e9phane Rose\" href=\"http:\/\/stephanerose.com\/\">St\u00e9phane Rose<\/a> en r\u00e9digera la pr\u00e9face et <a title=\"St\u00e9phane Blanquet\" href=\"http:\/\/www.uniteddeadartists.com\/\">St\u00e9phane Blanquet <\/a>r\u00e9alisera un marque-page tout sp\u00e9cialement pour cet ouvrage.<\/p>\n<p>A suivre&#8230;<\/p>\n<div class=\"category-thumbnail-list\">\n<div class=\"category-thumbnail-list-item\"><a href=\"https:\/\/lmg-nevroplasticienne.com\/?p=5226\" title=\"#13\/50\"><img loading=\"lazy\" decoding=\"async\" width=\"150\" height=\"150\" src=\"https:\/\/lmg-nevroplasticienne.com\/wp-content\/uploads\/2014\/02\/13-50.jpg\" class=\"attachment-thumbnail size-thumbnail wp-post-image\" alt=\"\" \/>#13\/50<\/a><\/div>\n<div class=\"category-thumbnail-list-item\"><a href=\"https:\/\/lmg-nevroplasticienne.com\/?p=5594\" title=\"#9\/50\"><img loading=\"lazy\" decoding=\"async\" width=\"150\" height=\"150\" src=\"https:\/\/lmg-nevroplasticienne.com\/wp-content\/uploads\/2014\/11\/11.jpg\" class=\"attachment-thumbnail size-thumbnail wp-post-image\" alt=\"\" \/>#9\/50<\/a><\/div>\n<div class=\"category-thumbnail-list-item\"><a href=\"https:\/\/lmg-nevroplasticienne.com\/?p=5043\" title=\"#5\/50\"><img loading=\"lazy\" decoding=\"async\" width=\"150\" height=\"150\" src=\"https:\/\/lmg-nevroplasticienne.com\/wp-content\/uploads\/2014\/01\/LMG-51.jpg\" class=\"attachment-thumbnail size-thumbnail wp-post-image\" alt=\"\" \/>#5\/50<\/a><\/div>\n<div class=\"category-thumbnail-list-item\"><a href=\"https:\/\/lmg-nevroplasticienne.com\/?p=6227\" title=\"#7\/50\"><img loading=\"lazy\" decoding=\"async\" width=\"150\" height=\"150\" src=\"https:\/\/lmg-nevroplasticienne.com\/wp-content\/uploads\/2015\/08\/LMG7-150x150.jpg\" class=\"attachment-thumbnail size-thumbnail wp-post-image\" alt=\"\" srcset=\"https:\/\/lmg-nevroplasticienne.com\/wp-content\/uploads\/2015\/08\/LMG7-e1440774152988.jpg 150w, https:\/\/lmg-nevroplasticienne.com\/wp-content\/uploads\/2015\/08\/LMG7-300x300.jpg 300w\" sizes=\"auto, (max-width: 150px) 100vw, 150px\" \/>#7\/50<\/a><\/div>\n<div class=\"category-thumbnail-list-item\"><a href=\"https:\/\/lmg-nevroplasticienne.com\/?p=4916\" title=\"#4\/50\"><img loading=\"lazy\" decoding=\"async\" width=\"150\" height=\"150\" src=\"https:\/\/lmg-nevroplasticienne.com\/wp-content\/uploads\/2013\/12\/mes-petites-fourrures-4_50-150x150.jpg\" class=\"attachment-thumbnail size-thumbnail wp-post-image\" alt=\"\" srcset=\"https:\/\/lmg-nevroplasticienne.com\/wp-content\/uploads\/2013\/12\/mes-petites-fourrures-4_50-150x150.jpg 150w, https:\/\/lmg-nevroplasticienne.com\/wp-content\/uploads\/2013\/12\/mes-petites-fourrures-4_50.jpg 300w\" sizes=\"auto, (max-width: 150px) 100vw, 150px\" \/>#4\/50<\/a><\/div>\n<div class=\"category-thumbnail-list-item\"><a href=\"https:\/\/lmg-nevroplasticienne.com\/?p=6257\" title=\"#2\/50\"><img loading=\"lazy\" decoding=\"async\" width=\"150\" height=\"150\" src=\"https:\/\/lmg-nevroplasticienne.com\/wp-content\/uploads\/2015\/09\/LMG.jpg\" class=\"attachment-thumbnail size-thumbnail wp-post-image\" alt=\"\" \/>#2\/50<\/a><\/div>\n<div class=\"category-thumbnail-list-item\"><a href=\"https:\/\/lmg-nevroplasticienne.com\/?p=4891\" title=\"#1\/50\"><img loading=\"lazy\" decoding=\"async\" width=\"150\" height=\"150\" src=\"https:\/\/lmg-nevroplasticienne.com\/wp-content\/uploads\/2013\/12\/LMG-Mes-petites-fourrures1-150x150.jpg\" class=\"attachment-thumbnail size-thumbnail wp-post-image\" alt=\"\" srcset=\"https:\/\/lmg-nevroplasticienne.com\/wp-content\/uploads\/2013\/12\/LMG-Mes-petites-fourrures1-150x150.jpg 150w, https:\/\/lmg-nevroplasticienne.com\/wp-content\/uploads\/2013\/12\/LMG-Mes-petites-fourrures1.jpg 300w\" sizes=\"auto, (max-width: 150px) 100vw, 150px\" \/>#1\/50<\/a><\/div>\n<\/div>\n","protected":false},"excerpt":{"rendered":"<p>&nbsp; Initi\u00e9e fin 2013, la s\u00e9rie \u00ab\u00a0Mes petites fourrures\u00a0\u00bb consiste en une d\u00e9clinaison des r\u00eaves de LMG, de ses pulsions sexuelles et du sentiment amoureux qui la traverse. Entre test de Rorschach et cadavres exquis, ces cr\u00e9ations interrogent la dimension &hellip; <a href=\"https:\/\/lmg-nevroplasticienne.com\/?page_id=212\">Continuer la lecture <span class=\"meta-nav\">&rarr;<\/span><\/a><\/p>\n","protected":false},"author":1,"featured_media":0,"parent":0,"menu_order":0,"comment_status":"closed","ping_status":"open","template":"","meta":{"footnotes":""},"class_list":["post-212","page","type-page","status-publish","hentry"],"_links":{"self":[{"href":"https:\/\/lmg-nevroplasticienne.com\/index.php?rest_route=\/wp\/v2\/pages\/212","targetHints":{"allow":["GET"]}}],"collection":[{"href":"https:\/\/lmg-nevroplasticienne.com\/index.php?rest_route=\/wp\/v2\/pages"}],"about":[{"href":"https:\/\/lmg-nevroplasticienne.com\/index.php?rest_route=\/wp\/v2\/types\/page"}],"author":[{"embeddable":true,"href":"https:\/\/lmg-nevroplasticienne.com\/index.php?rest_route=\/wp\/v2\/users\/1"}],"replies":[{"embeddable":true,"href":"https:\/\/lmg-nevroplasticienne.com\/index.php?rest_route=%2Fwp%2Fv2%2Fcomments&post=212"}],"version-history":[{"count":24,"href":"https:\/\/lmg-nevroplasticienne.com\/index.php?rest_route=\/wp\/v2\/pages\/212\/revisions"}],"predecessor-version":[{"id":960,"href":"https:\/\/lmg-nevroplasticienne.com\/index.php?rest_route=\/wp\/v2\/pages\/212\/revisions\/960"}],"wp:attachment":[{"href":"https:\/\/lmg-nevroplasticienne.com\/index.php?rest_route=%2Fwp%2Fv2%2Fmedia&parent=212"}],"curies":[{"name":"wp","href":"https:\/\/api.w.org\/{rel}","templated":true}]}}