{"id":2,"date":"2012-04-19T11:01:25","date_gmt":"2012-04-19T11:01:25","guid":{"rendered":"http:\/\/lmg-nevroplasticienne.com\/?page_id=2"},"modified":"2023-01-03T09:15:15","modified_gmt":"2023-01-03T09:15:15","slug":"page-d-exemple","status":"publish","type":"page","link":"https:\/\/lmg-nevroplasticienne.com\/","title":{"rendered":"LMG"},"content":{"rendered":"<p style=\"text-align: justify;\"><a href=\"https:\/\/lmg-nevroplasticienne.com\/?attachment_id=1572\" rel=\"attachment wp-att-1572\"><img loading=\"lazy\" decoding=\"async\" class=\"alignleft size-full wp-image-1572\" title=\"LMG Autoportrait d'Anticipation 2009\" src=\"https:\/\/lmg-nevroplasticienne.com\/wp-content\/uploads\/2012\/04\/LMG-Autoportrait-dAnticipation-2009.jpg\" alt=\"\" width=\"400\" height=\"400\" srcset=\"https:\/\/lmg-nevroplasticienne.com\/wp-content\/uploads\/2012\/04\/LMG-Autoportrait-dAnticipation-2009.jpg 400w, https:\/\/lmg-nevroplasticienne.com\/wp-content\/uploads\/2012\/04\/LMG-Autoportrait-dAnticipation-2009-150x150.jpg 150w, https:\/\/lmg-nevroplasticienne.com\/wp-content\/uploads\/2012\/04\/LMG-Autoportrait-dAnticipation-2009-300x300.jpg 300w\" sizes=\"auto, (max-width: 400px) 100vw, 400px\" \/><\/a><\/p>\n<p style=\"text-align: justify;\"><em>N\u00e9vroplasticienne<\/em> n\u00e9e au si\u00e8cle dernier<br \/>\nVit et travaille \u00e0 Paris<\/p>\n<p style=\"text-align: justify;\">Apr\u00e8s un cursus en Lettres, Arts du spectacle et Arts Plastiques, LMG a \u00e9t\u00e9 \u00e9l\u00e8ve de\u00a0l\u2019Ecole Internationale de Th\u00e9\u00e2tre Jacques Lecoq, \u00e0 Paris. Aujourd&rsquo;hui Professeur Agr\u00e9g\u00e9 et Docteur en Arts et Sciences de l&rsquo;Art (Universit\u00e9 Paris 1-Panth\u00e9on Sorbonne), elle est l\u2019auteur de plusieurs pi\u00e8ces de th\u00e9\u00e2tre, illustrations et textes publi\u00e9s notamment aux \u00e9ditions\u00a0<em>Les Ames d\u2019Atala<\/em>. Pratiquant la sculpture et le dessin, LMG oriente ses recherches plastiques autour des n\u00e9vroses, de la finitude et de la d\u00e9cadence. A travers l&rsquo;ensemble de son parcours, cette\u00a0<em>n\u00e9vroplasticienne<\/em> tente de d\u00e9passer sa peur de la mort en utilisant celle-ci comme moteur de cr\u00e9ation.<\/p>\n<h6 style=\"text-align: justify;\"><em><span style=\"color: #e31654;\"><strong>N\u00e9vroplasticienne <\/strong><\/span><\/em>: terme invent\u00e9 par LMG. n.f. 2011. Personne ayant pour m\u00e9dium d&rsquo;expression artistique des techniques ou des supports mat\u00e9riels fond\u00e9s sur ses propres n\u00e9vroses ou celles de son entourage. Personne recueillant les n\u00e9vroses d&rsquo;inconnus pour en faire des cr\u00e9ations. Habitude, n\u00e9cessit\u00e9, plaisir, go\u00fbt bizarre pour l&rsquo;utilisation des n\u00e9vroses comme base et stimulant de cr\u00e9ation.\u00a0adj: <em><strong>N\u00e9vroplastique<\/strong><\/em>\u00a0: se dit d\u2019une cr\u00e9ation con\u00e7ue sur le principe du don contre don.<\/h6>\n<h6 style=\"text-align: justify;\"><strong>\u00a0<\/strong><\/h6>\n","protected":false},"excerpt":{"rendered":"<p>N\u00e9vroplasticienne n\u00e9e au si\u00e8cle dernier Vit et travaille \u00e0 Paris Apr\u00e8s un cursus en Lettres, Arts du spectacle et Arts Plastiques, LMG a \u00e9t\u00e9 \u00e9l\u00e8ve de\u00a0l\u2019Ecole Internationale de Th\u00e9\u00e2tre Jacques Lecoq, \u00e0 Paris. Aujourd&rsquo;hui Professeur Agr\u00e9g\u00e9 et Docteur en Arts &hellip; <a href=\"https:\/\/lmg-nevroplasticienne.com\/\">Continuer la lecture <span class=\"meta-nav\">&rarr;<\/span><\/a><\/p>\n","protected":false},"author":1,"featured_media":0,"parent":0,"menu_order":1,"comment_status":"closed","ping_status":"closed","template":"","meta":{"footnotes":""},"class_list":["post-2","page","type-page","status-publish","hentry"],"_links":{"self":[{"href":"https:\/\/lmg-nevroplasticienne.com\/index.php?rest_route=\/wp\/v2\/pages\/2","targetHints":{"allow":["GET"]}}],"collection":[{"href":"https:\/\/lmg-nevroplasticienne.com\/index.php?rest_route=\/wp\/v2\/pages"}],"about":[{"href":"https:\/\/lmg-nevroplasticienne.com\/index.php?rest_route=\/wp\/v2\/types\/page"}],"author":[{"embeddable":true,"href":"https:\/\/lmg-nevroplasticienne.com\/index.php?rest_route=\/wp\/v2\/users\/1"}],"replies":[{"embeddable":true,"href":"https:\/\/lmg-nevroplasticienne.com\/index.php?rest_route=%2Fwp%2Fv2%2Fcomments&post=2"}],"version-history":[{"count":121,"href":"https:\/\/lmg-nevroplasticienne.com\/index.php?rest_route=\/wp\/v2\/pages\/2\/revisions"}],"predecessor-version":[{"id":7095,"href":"https:\/\/lmg-nevroplasticienne.com\/index.php?rest_route=\/wp\/v2\/pages\/2\/revisions\/7095"}],"wp:attachment":[{"href":"https:\/\/lmg-nevroplasticienne.com\/index.php?rest_route=%2Fwp%2Fv2%2Fmedia&parent=2"}],"curies":[{"name":"wp","href":"https:\/\/api.w.org\/{rel}","templated":true}]}}