{"id":192,"date":"2012-05-07T15:06:11","date_gmt":"2012-05-07T15:06:11","guid":{"rendered":"http:\/\/lmg-nevroplasticienne.com\/?page_id=192"},"modified":"2012-05-22T10:05:23","modified_gmt":"2012-05-22T10:05:23","slug":"les-captures","status":"publish","type":"page","link":"https:\/\/lmg-nevroplasticienne.com\/?page_id=192","title":{"rendered":"Les Captures"},"content":{"rendered":"<p style=\"text-align: justify;\"><a href=\"https:\/\/lmg-nevroplasticienne.com\/?attachment_id=1581\" rel=\"attachment wp-att-1581\"><img loading=\"lazy\" decoding=\"async\" class=\"alignleft size-full wp-image-1581\" title=\"LMG Captures\" src=\"https:\/\/lmg-nevroplasticienne.com\/wp-content\/uploads\/2012\/05\/LMG-Captures.jpg\" alt=\"\" width=\"400\" height=\"400\" srcset=\"https:\/\/lmg-nevroplasticienne.com\/wp-content\/uploads\/2012\/05\/LMG-Captures.jpg 400w, https:\/\/lmg-nevroplasticienne.com\/wp-content\/uploads\/2012\/05\/LMG-Captures-150x150.jpg 150w, https:\/\/lmg-nevroplasticienne.com\/wp-content\/uploads\/2012\/05\/LMG-Captures-300x300.jpg 300w\" sizes=\"auto, (max-width: 400px) 100vw, 400px\" \/><\/a><\/p>\n<p style=\"text-align: justify;\">Mat\u00e9rialiser et figurer l\u2019immat\u00e9riel\u00a0: voici un enjeu qui semble relever de la gageure. La s\u00e9rie des <em>Captures<\/em>, initi\u00e9e en novembre 2010, repr\u00e9sente des fragments de r\u00eaves, cauchemars et songes, \u00e0 partir de r\u00eaves m\u00e9moris\u00e9s ou collect\u00e9s, puis archiv\u00e9s en croquis, textes et dessins.\u00a0Con\u00e7ues \u00e0 partir de r\u00e9sines, ossements et cheveux, avec adjonction de peintures, vernis et colorants, ces sculptures mat\u00e9rialisent donc des \u00e9l\u00e9ments immat\u00e9riels. Combinant r\u00e9alisation plastique et \u00e9criture, ce travail tente, en le mat\u00e9rialisant, si ce n\u2019est de diss\u00e9quer l\u2019inconscient, de l\u2019exposer et de le mettre en lumi\u00e8re. On d\u00e9couvre alors, pr\u00e9sent\u00e9es sous cloches, des formes hybrides, croisant des phallus avec des m\u00e2choires, ou associant des yeux trou\u00e9s avec des cheveux en torsades.<\/p>\n<p style=\"text-align: justify;\">Vous pouvez envoyer vos r\u00eaves \u00e9rotiques et autres pens\u00e9es nocturnes \u00e0 LMG qui sculptera ensuite vos songes. <a href=\"mailto:l.mg@live.fr\">l.mg@live.fr<\/a><\/p>\n<p style=\"text-align: justify;\">\n<div class=\"category-thumbnail-list\">\n<div class=\"category-thumbnail-list-item\"><a href=\"https:\/\/lmg-nevroplasticienne.com\/?p=3183\" title=\"Capture n\u00b015\"><img loading=\"lazy\" decoding=\"async\" width=\"150\" height=\"150\" src=\"https:\/\/lmg-nevroplasticienne.com\/wp-content\/uploads\/2013\/01\/LMG-Capture2-150x150.jpg\" class=\"attachment-thumbnail size-thumbnail wp-post-image\" alt=\"\" srcset=\"https:\/\/lmg-nevroplasticienne.com\/wp-content\/uploads\/2013\/01\/LMG-Capture2-150x150.jpg 150w, https:\/\/lmg-nevroplasticienne.com\/wp-content\/uploads\/2013\/01\/LMG-Capture2-300x300.jpg 300w, https:\/\/lmg-nevroplasticienne.com\/wp-content\/uploads\/2013\/01\/LMG-Capture2.jpg 400w\" sizes=\"auto, (max-width: 150px) 100vw, 150px\" \/>Capture n\u00b015<\/a><\/div>\n<div class=\"category-thumbnail-list-item\"><a href=\"https:\/\/lmg-nevroplasticienne.com\/?p=3178\" title=\"Capture n\u00b014\"><img loading=\"lazy\" decoding=\"async\" width=\"150\" height=\"150\" src=\"https:\/\/lmg-nevroplasticienne.com\/wp-content\/uploads\/2013\/01\/LMG-Capture3-150x150.jpg\" class=\"attachment-thumbnail size-thumbnail wp-post-image\" alt=\"\" srcset=\"https:\/\/lmg-nevroplasticienne.com\/wp-content\/uploads\/2013\/01\/LMG-Capture3-150x150.jpg 150w, https:\/\/lmg-nevroplasticienne.com\/wp-content\/uploads\/2013\/01\/LMG-Capture3-300x300.jpg 300w, https:\/\/lmg-nevroplasticienne.com\/wp-content\/uploads\/2013\/01\/LMG-Capture3.jpg 400w\" sizes=\"auto, (max-width: 150px) 100vw, 150px\" \/>Capture n\u00b014<\/a><\/div>\n<div class=\"category-thumbnail-list-item\"><a href=\"https:\/\/lmg-nevroplasticienne.com\/?p=3173\" title=\"Capture n\u00b013\"><img loading=\"lazy\" decoding=\"async\" width=\"150\" height=\"150\" src=\"https:\/\/lmg-nevroplasticienne.com\/wp-content\/uploads\/2013\/01\/LMG-Capture13-150x150.jpg\" class=\"attachment-thumbnail size-thumbnail wp-post-image\" alt=\"\" srcset=\"https:\/\/lmg-nevroplasticienne.com\/wp-content\/uploads\/2013\/01\/LMG-Capture13-150x150.jpg 150w, https:\/\/lmg-nevroplasticienne.com\/wp-content\/uploads\/2013\/01\/LMG-Capture13-300x300.jpg 300w, https:\/\/lmg-nevroplasticienne.com\/wp-content\/uploads\/2013\/01\/LMG-Capture13.jpg 400w\" sizes=\"auto, (max-width: 150px) 100vw, 150px\" \/>Capture n\u00b013<\/a><\/div>\n<div class=\"category-thumbnail-list-item\"><a href=\"https:\/\/lmg-nevroplasticienne.com\/?p=3168\" title=\"Capture n\u00b012\"><img loading=\"lazy\" decoding=\"async\" width=\"150\" height=\"150\" src=\"https:\/\/lmg-nevroplasticienne.com\/wp-content\/uploads\/2013\/01\/Capture-LMG-150x150.jpg\" class=\"attachment-thumbnail size-thumbnail wp-post-image\" alt=\"\" srcset=\"https:\/\/lmg-nevroplasticienne.com\/wp-content\/uploads\/2013\/01\/Capture-LMG-150x150.jpg 150w, https:\/\/lmg-nevroplasticienne.com\/wp-content\/uploads\/2013\/01\/Capture-LMG-300x300.jpg 300w, https:\/\/lmg-nevroplasticienne.com\/wp-content\/uploads\/2013\/01\/Capture-LMG.jpg 400w\" sizes=\"auto, (max-width: 150px) 100vw, 150px\" \/>Capture n\u00b012<\/a><\/div>\n<div class=\"category-thumbnail-list-item\"><a href=\"https:\/\/lmg-nevroplasticienne.com\/?p=3162\" title=\"Capture n\u00b011\"><img loading=\"lazy\" decoding=\"async\" width=\"150\" height=\"150\" src=\"https:\/\/lmg-nevroplasticienne.com\/wp-content\/uploads\/2013\/01\/LMG-Capture5-150x150.jpg\" class=\"attachment-thumbnail size-thumbnail wp-post-image\" alt=\"\" srcset=\"https:\/\/lmg-nevroplasticienne.com\/wp-content\/uploads\/2013\/01\/LMG-Capture5-150x150.jpg 150w, https:\/\/lmg-nevroplasticienne.com\/wp-content\/uploads\/2013\/01\/LMG-Capture5-300x300.jpg 300w, https:\/\/lmg-nevroplasticienne.com\/wp-content\/uploads\/2013\/01\/LMG-Capture5.jpg 400w\" sizes=\"auto, (max-width: 150px) 100vw, 150px\" \/>Capture n\u00b011<\/a><\/div>\n<div class=\"category-thumbnail-list-item\"><a href=\"https:\/\/lmg-nevroplasticienne.com\/?p=2968\" title=\"Capture n\u00b010\"><img loading=\"lazy\" decoding=\"async\" width=\"150\" height=\"150\" src=\"https:\/\/lmg-nevroplasticienne.com\/wp-content\/uploads\/2012\/10\/LMG-Capture3-150x150.jpg\" class=\"attachment-thumbnail size-thumbnail wp-post-image\" alt=\"\" srcset=\"https:\/\/lmg-nevroplasticienne.com\/wp-content\/uploads\/2012\/10\/LMG-Capture3-150x150.jpg 150w, https:\/\/lmg-nevroplasticienne.com\/wp-content\/uploads\/2012\/10\/LMG-Capture3-300x300.jpg 300w, https:\/\/lmg-nevroplasticienne.com\/wp-content\/uploads\/2012\/10\/LMG-Capture3.jpg 400w\" sizes=\"auto, (max-width: 150px) 100vw, 150px\" \/>Capture n\u00b010<\/a><\/div>\n<div class=\"category-thumbnail-list-item\"><a href=\"https:\/\/lmg-nevroplasticienne.com\/?p=2962\" title=\"Capture n\u00b09\"><img loading=\"lazy\" decoding=\"async\" width=\"150\" height=\"150\" src=\"https:\/\/lmg-nevroplasticienne.com\/wp-content\/uploads\/2012\/10\/LMG-Capture5-150x150.jpg\" class=\"attachment-thumbnail size-thumbnail wp-post-image\" alt=\"\" srcset=\"https:\/\/lmg-nevroplasticienne.com\/wp-content\/uploads\/2012\/10\/LMG-Capture5-150x150.jpg 150w, https:\/\/lmg-nevroplasticienne.com\/wp-content\/uploads\/2012\/10\/LMG-Capture5-300x300.jpg 300w, https:\/\/lmg-nevroplasticienne.com\/wp-content\/uploads\/2012\/10\/LMG-Capture5.jpg 400w\" sizes=\"auto, (max-width: 150px) 100vw, 150px\" \/>Capture n\u00b09<\/a><\/div>\n<div class=\"category-thumbnail-list-item\"><a href=\"https:\/\/lmg-nevroplasticienne.com\/?p=2949\" title=\"Capture n\u00b08\"><img loading=\"lazy\" decoding=\"async\" width=\"150\" height=\"150\" src=\"https:\/\/lmg-nevroplasticienne.com\/wp-content\/uploads\/2012\/10\/LMG-Capture7-150x150.jpg\" class=\"attachment-thumbnail size-thumbnail wp-post-image\" alt=\"\" srcset=\"https:\/\/lmg-nevroplasticienne.com\/wp-content\/uploads\/2012\/10\/LMG-Capture7-150x150.jpg 150w, https:\/\/lmg-nevroplasticienne.com\/wp-content\/uploads\/2012\/10\/LMG-Capture7-300x300.jpg 300w, https:\/\/lmg-nevroplasticienne.com\/wp-content\/uploads\/2012\/10\/LMG-Capture7.jpg 400w\" sizes=\"auto, (max-width: 150px) 100vw, 150px\" \/>Capture n\u00b08<\/a><\/div>\n<div class=\"category-thumbnail-list-item\"><a href=\"https:\/\/lmg-nevroplasticienne.com\/?p=1645\" title=\"Capture n\u00b07\"><img loading=\"lazy\" decoding=\"async\" width=\"150\" height=\"150\" src=\"https:\/\/lmg-nevroplasticienne.com\/wp-content\/uploads\/2012\/05\/LMG-Capture5-150x150.jpg\" class=\"attachment-thumbnail size-thumbnail wp-post-image\" alt=\"\" srcset=\"https:\/\/lmg-nevroplasticienne.com\/wp-content\/uploads\/2012\/05\/LMG-Capture5-150x150.jpg 150w, https:\/\/lmg-nevroplasticienne.com\/wp-content\/uploads\/2012\/05\/LMG-Capture5-300x300.jpg 300w, https:\/\/lmg-nevroplasticienne.com\/wp-content\/uploads\/2012\/05\/LMG-Capture5.jpg 400w\" sizes=\"auto, (max-width: 150px) 100vw, 150px\" \/>Capture n\u00b07<\/a><\/div>\n<div class=\"category-thumbnail-list-item\"><a href=\"https:\/\/lmg-nevroplasticienne.com\/?p=1641\" title=\"Capture n\u00b06\"><img loading=\"lazy\" decoding=\"async\" width=\"150\" height=\"150\" src=\"https:\/\/lmg-nevroplasticienne.com\/wp-content\/uploads\/2012\/05\/LMG-Capture7-150x150.jpg\" class=\"attachment-thumbnail size-thumbnail wp-post-image\" alt=\"\" srcset=\"https:\/\/lmg-nevroplasticienne.com\/wp-content\/uploads\/2012\/05\/LMG-Capture7-150x150.jpg 150w, https:\/\/lmg-nevroplasticienne.com\/wp-content\/uploads\/2012\/05\/LMG-Capture7-300x300.jpg 300w, https:\/\/lmg-nevroplasticienne.com\/wp-content\/uploads\/2012\/05\/LMG-Capture7.jpg 400w\" sizes=\"auto, (max-width: 150px) 100vw, 150px\" \/>Capture n\u00b06<\/a><\/div>\n<div class=\"category-thumbnail-list-item\"><a href=\"https:\/\/lmg-nevroplasticienne.com\/?p=1634\" title=\"Capture n\u00b05\"><img loading=\"lazy\" decoding=\"async\" width=\"150\" height=\"150\" src=\"https:\/\/lmg-nevroplasticienne.com\/wp-content\/uploads\/2012\/05\/capt51-150x150.jpg\" class=\"attachment-thumbnail size-thumbnail wp-post-image\" alt=\"\" srcset=\"https:\/\/lmg-nevroplasticienne.com\/wp-content\/uploads\/2012\/05\/capt51-150x150.jpg 150w, https:\/\/lmg-nevroplasticienne.com\/wp-content\/uploads\/2012\/05\/capt51.jpg 300w\" sizes=\"auto, (max-width: 150px) 100vw, 150px\" \/>Capture n\u00b05<\/a><\/div>\n<div class=\"category-thumbnail-list-item\"><a href=\"https:\/\/lmg-nevroplasticienne.com\/?p=1629\" title=\"Capture n\u00b04\"><img loading=\"lazy\" decoding=\"async\" width=\"150\" height=\"150\" src=\"https:\/\/lmg-nevroplasticienne.com\/wp-content\/uploads\/2012\/05\/capt41-150x150.jpg\" class=\"attachment-thumbnail size-thumbnail wp-post-image\" alt=\"\" srcset=\"https:\/\/lmg-nevroplasticienne.com\/wp-content\/uploads\/2012\/05\/capt41-150x150.jpg 150w, https:\/\/lmg-nevroplasticienne.com\/wp-content\/uploads\/2012\/05\/capt41.jpg 300w\" sizes=\"auto, (max-width: 150px) 100vw, 150px\" \/>Capture n\u00b04<\/a><\/div>\n<div class=\"category-thumbnail-list-item\"><a href=\"https:\/\/lmg-nevroplasticienne.com\/?p=1623\" title=\"Capture n\u00b03\"><img loading=\"lazy\" decoding=\"async\" width=\"150\" height=\"150\" src=\"https:\/\/lmg-nevroplasticienne.com\/wp-content\/uploads\/2012\/05\/LMG-Capture8-150x150.jpg\" class=\"attachment-thumbnail size-thumbnail wp-post-image\" alt=\"\" srcset=\"https:\/\/lmg-nevroplasticienne.com\/wp-content\/uploads\/2012\/05\/LMG-Capture8-150x150.jpg 150w, https:\/\/lmg-nevroplasticienne.com\/wp-content\/uploads\/2012\/05\/LMG-Capture8-300x300.jpg 300w, https:\/\/lmg-nevroplasticienne.com\/wp-content\/uploads\/2012\/05\/LMG-Capture8.jpg 400w\" sizes=\"auto, (max-width: 150px) 100vw, 150px\" \/>Capture n\u00b03<\/a><\/div>\n<div class=\"category-thumbnail-list-item\"><a href=\"https:\/\/lmg-nevroplasticienne.com\/?p=1619\" title=\"Capture n\u00b02\"><img loading=\"lazy\" decoding=\"async\" width=\"150\" height=\"150\" src=\"https:\/\/lmg-nevroplasticienne.com\/wp-content\/uploads\/2012\/05\/capt2-150x150.jpg\" class=\"attachment-thumbnail size-thumbnail wp-post-image\" alt=\"\" srcset=\"https:\/\/lmg-nevroplasticienne.com\/wp-content\/uploads\/2012\/05\/capt2-150x150.jpg 150w, https:\/\/lmg-nevroplasticienne.com\/wp-content\/uploads\/2012\/05\/capt2.jpg 300w\" sizes=\"auto, (max-width: 150px) 100vw, 150px\" \/>Capture n\u00b02<\/a><\/div>\n<div class=\"category-thumbnail-list-item\"><a href=\"https:\/\/lmg-nevroplasticienne.com\/?p=1616\" title=\"Capture n\u00b01\"><img loading=\"lazy\" decoding=\"async\" width=\"150\" height=\"150\" src=\"https:\/\/lmg-nevroplasticienne.com\/wp-content\/uploads\/2012\/05\/capt1-150x150.jpg\" class=\"attachment-thumbnail size-thumbnail wp-post-image\" alt=\"\" srcset=\"https:\/\/lmg-nevroplasticienne.com\/wp-content\/uploads\/2012\/05\/capt1-150x150.jpg 150w, https:\/\/lmg-nevroplasticienne.com\/wp-content\/uploads\/2012\/05\/capt1.jpg 300w\" sizes=\"auto, (max-width: 150px) 100vw, 150px\" \/>Capture n\u00b01<\/a><\/div>\n<\/div>\n","protected":false},"excerpt":{"rendered":"<p>Mat\u00e9rialiser et figurer l\u2019immat\u00e9riel\u00a0: voici un enjeu qui semble relever de la gageure. La s\u00e9rie des Captures, initi\u00e9e en novembre 2010, repr\u00e9sente des fragments de r\u00eaves, cauchemars et songes, \u00e0 partir de r\u00eaves m\u00e9moris\u00e9s ou collect\u00e9s, puis archiv\u00e9s en croquis, &hellip; <a href=\"https:\/\/lmg-nevroplasticienne.com\/?page_id=192\">Continuer la lecture <span class=\"meta-nav\">&rarr;<\/span><\/a><\/p>\n","protected":false},"author":1,"featured_media":0,"parent":0,"menu_order":0,"comment_status":"closed","ping_status":"open","template":"","meta":{"footnotes":""},"class_list":["post-192","page","type-page","status-publish","hentry"],"_links":{"self":[{"href":"https:\/\/lmg-nevroplasticienne.com\/index.php?rest_route=\/wp\/v2\/pages\/192","targetHints":{"allow":["GET"]}}],"collection":[{"href":"https:\/\/lmg-nevroplasticienne.com\/index.php?rest_route=\/wp\/v2\/pages"}],"about":[{"href":"https:\/\/lmg-nevroplasticienne.com\/index.php?rest_route=\/wp\/v2\/types\/page"}],"author":[{"embeddable":true,"href":"https:\/\/lmg-nevroplasticienne.com\/index.php?rest_route=\/wp\/v2\/users\/1"}],"replies":[{"embeddable":true,"href":"https:\/\/lmg-nevroplasticienne.com\/index.php?rest_route=%2Fwp%2Fv2%2Fcomments&post=192"}],"version-history":[{"count":71,"href":"https:\/\/lmg-nevroplasticienne.com\/index.php?rest_route=\/wp\/v2\/pages\/192\/revisions"}],"predecessor-version":[{"id":475,"href":"https:\/\/lmg-nevroplasticienne.com\/index.php?rest_route=\/wp\/v2\/pages\/192\/revisions\/475"}],"wp:attachment":[{"href":"https:\/\/lmg-nevroplasticienne.com\/index.php?rest_route=%2Fwp%2Fv2%2Fmedia&parent=192"}],"curies":[{"name":"wp","href":"https:\/\/api.w.org\/{rel}","templated":true}]}}